{"id":59114,"date":"2024-12-26T22:21:57","date_gmt":"2024-12-26T21:21:57","guid":{"rendered":"https:\/\/www.atta45.se\/e-butik\/?post_type=product&#038;p=59114"},"modified":"2025-10-27T15:48:27","modified_gmt":"2025-10-27T14:48:27","slug":"kylvaska-i-pu-2","status":"publish","type":"product","link":"https:\/\/www.atta45.se\/e-butik\/produkt\/kylvaska-i-pu-2\/","title":{"rendered":"Kylv\u00e4ska i PU Atlas"},"content":{"rendered":"<p>Kylv\u00e4ska i PU, framficka med dragkedja och n\u00e4tfickor p\u00e5 varje sida. Insidan \u00e4r fodrad med vit folie. V\u00e4skan har en reglerbar axelrem.<\/p>\n","protected":false},"excerpt":{"rendered":"<p>Kylv\u00e4ska i PU, framficka med dragkedja och n\u00e4tfickor p\u00e5 varje sida. Insidan \u00e4r fodrad med vit folie. V\u00e4skan har en reglerbar axelrem.<\/p>\n","protected":false},"featured_media":59115,"template":"","meta":{"_acf_changed":false,"_seopress_robots_primary_cat":"","_seopress_titles_title":"","_seopress_titles_desc":"","_seopress_robots_index":""},"product_brand":[],"product_cat":[15],"product_tag":[],"class_list":{"0":"post-59114","1":"product","2":"type-product","3":"status-publish","4":"has-post-thumbnail","6":"product_cat-okategoriserad","7":"atta45_taxonomy-vaskor-resetillbehor-kylvaskor-sv","8":"atta45_taxonomy-fritid-kylvaskor-sv","9":"atta45_taxonomy-tema-inspiration-sasong-sv","10":"atta45_taxonomy-tema-inspiration-sasong-sommar-sv","11":"atta45_taxonomy-tema-inspiration-ogonblick-sommargladje-sv","12":"atta45_taxonomy-tema-inspiration-sv","13":"atta45_taxonomy-textil-vaskor-bagar-sv","14":"atta45_taxonomy-vaskor-resetillbehor-sv","16":"first","17":"instock","18":"taxable","19":"shipping-taxable","20":"purchasable","21":"product-type-variable"},"acf":[],"_links":{"self":[{"href":"https:\/\/www.atta45.se\/e-butik\/wp-json\/wp\/v2\/product\/59114","targetHints":{"allow":["GET"]}}],"collection":[{"href":"https:\/\/www.atta45.se\/e-butik\/wp-json\/wp\/v2\/product"}],"about":[{"href":"https:\/\/www.atta45.se\/e-butik\/wp-json\/wp\/v2\/types\/product"}],"wp:featuredmedia":[{"embeddable":true,"href":"https:\/\/www.atta45.se\/e-butik\/wp-json\/wp\/v2\/media\/59115"}],"wp:attachment":[{"href":"https:\/\/www.atta45.se\/e-butik\/wp-json\/wp\/v2\/media?parent=59114"}],"wp:term":[{"taxonomy":"product_brand","embeddable":true,"href":"https:\/\/www.atta45.se\/e-butik\/wp-json\/wp\/v2\/product_brand?post=59114"},{"taxonomy":"product_cat","embeddable":true,"href":"https:\/\/www.atta45.se\/e-butik\/wp-json\/wp\/v2\/product_cat?post=59114"},{"taxonomy":"product_tag","embeddable":true,"href":"https:\/\/www.atta45.se\/e-butik\/wp-json\/wp\/v2\/product_tag?post=59114"}],"curies":[{"name":"wp","href":"https:\/\/api.w.org\/{rel}","templated":true}]}}