{"id":59086,"date":"2024-12-26T22:21:36","date_gmt":"2024-12-26T21:21:36","guid":{"rendered":"https:\/\/www.atta45.se\/e-butik\/?post_type=product&#038;p=59086"},"modified":"2025-10-27T15:38:49","modified_gmt":"2025-10-27T14:38:49","slug":"rpet-kylvaska-troy","status":"publish","type":"product","link":"https:\/\/www.atta45.se\/e-butik\/produkt\/rpet-kylvaska-troy\/","title":{"rendered":"RPET kylv\u00e4ska Troy"},"content":{"rendered":"<p>Kylv\u00e4ska av RPET med aluminiumfolie p\u00e5 insidan. Tv\u00e5 fack med dragkedja. Inklusive b\u00e4rrem.<\/p>\n","protected":false},"excerpt":{"rendered":"<p>Kylv\u00e4ska av RPET med aluminiumfolie p\u00e5 insidan. Tv\u00e5 fack med dragkedja. Inklusive b\u00e4rrem.<\/p>\n","protected":false},"featured_media":59087,"template":"","meta":{"_acf_changed":false,"_seopress_robots_primary_cat":"","_seopress_titles_title":"","_seopress_titles_desc":"","_seopress_robots_index":""},"product_brand":[],"product_cat":[15],"product_tag":[],"class_list":{"0":"post-59086","1":"product","2":"type-product","3":"status-publish","4":"has-post-thumbnail","6":"product_cat-okategoriserad","7":"atta45_taxonomy-tema-inspiration-grona-intryck-eko-vaskor-sv","8":"atta45_taxonomy-tema-inspiration-grona-intryck-sv","9":"atta45_taxonomy-kassar-pasar-kassar-sv","10":"atta45_taxonomy-vaskor-resetillbehor-kylvaskor-sv","11":"atta45_taxonomy-fritid-kylvaskor-sv","12":"atta45_taxonomy-textil-organiskt-sv","13":"atta45_taxonomy-tema-inspiration-sasong-sommar-sv","14":"atta45_taxonomy-tema-inspiration-sv","15":"atta45_taxonomy-textil-vaskor-bagar-sv","16":"atta45_taxonomy-vaskor-resetillbehor-sv","18":"first","19":"instock","20":"taxable","21":"shipping-taxable","22":"purchasable","23":"product-type-variable"},"acf":[],"_links":{"self":[{"href":"https:\/\/www.atta45.se\/e-butik\/wp-json\/wp\/v2\/product\/59086","targetHints":{"allow":["GET"]}}],"collection":[{"href":"https:\/\/www.atta45.se\/e-butik\/wp-json\/wp\/v2\/product"}],"about":[{"href":"https:\/\/www.atta45.se\/e-butik\/wp-json\/wp\/v2\/types\/product"}],"wp:featuredmedia":[{"embeddable":true,"href":"https:\/\/www.atta45.se\/e-butik\/wp-json\/wp\/v2\/media\/59087"}],"wp:attachment":[{"href":"https:\/\/www.atta45.se\/e-butik\/wp-json\/wp\/v2\/media?parent=59086"}],"wp:term":[{"taxonomy":"product_brand","embeddable":true,"href":"https:\/\/www.atta45.se\/e-butik\/wp-json\/wp\/v2\/product_brand?post=59086"},{"taxonomy":"product_cat","embeddable":true,"href":"https:\/\/www.atta45.se\/e-butik\/wp-json\/wp\/v2\/product_cat?post=59086"},{"taxonomy":"product_tag","embeddable":true,"href":"https:\/\/www.atta45.se\/e-butik\/wp-json\/wp\/v2\/product_tag?post=59086"}],"curies":[{"name":"wp","href":"https:\/\/api.w.org\/{rel}","templated":true}]}}