{"id":58872,"date":"2024-12-26T22:19:19","date_gmt":"2024-12-26T21:19:19","guid":{"rendered":"https:\/\/www.atta45.se\/e-butik\/?post_type=product&#038;p=58872"},"modified":"2025-10-28T00:28:23","modified_gmt":"2025-10-27T23:28:23","slug":"rektangular-kylvaska-med-framficka-i-polyester-420d","status":"publish","type":"product","link":"https:\/\/www.atta45.se\/e-butik\/produkt\/rektangular-kylvaska-med-framficka-i-polyester-420d\/","title":{"rendered":"Kylv\u00e4ska Polyester (420D) Nikki"},"content":{"rendered":"<p>Rektangul\u00e4r kylv\u00e4ska i polyester (420D) med extra framficka med lock. Dragkedja och reglerbar axelrem i gr\u00e5tt.<\/p>\n","protected":false},"excerpt":{"rendered":"<p>Rektangul\u00e4r kylv\u00e4ska i polyester (420D) med extra framficka med lock. Dragkedja och reglerbar axelrem i gr\u00e5tt.<\/p>\n","protected":false},"featured_media":58873,"template":"","meta":{"_acf_changed":false,"_seopress_robots_primary_cat":"","_seopress_titles_title":"","_seopress_titles_desc":"","_seopress_robots_index":""},"product_brand":[],"product_cat":[15],"product_tag":[],"class_list":{"0":"post-58872","1":"product","2":"type-product","3":"status-publish","4":"has-post-thumbnail","6":"product_cat-okategoriserad","7":"atta45_taxonomy-fritid-kylvaskor-sv","8":"atta45_taxonomy-vaskor-resetillbehor-kylvaskor-sv","9":"atta45_taxonomy-tema-inspiration-sasong-sv","10":"atta45_taxonomy-tema-inspiration-sasong-sommar-sv","11":"atta45_taxonomy-tema-inspiration-ogonblick-sommargladje-sv","12":"atta45_taxonomy-tema-inspiration-sv","13":"atta45_taxonomy-textil-vaskor-bagar-sv","14":"atta45_taxonomy-vaskor-resetillbehor-sv","16":"first","17":"instock","18":"taxable","19":"shipping-taxable","20":"purchasable","21":"product-type-variable"},"acf":[],"_links":{"self":[{"href":"https:\/\/www.atta45.se\/e-butik\/wp-json\/wp\/v2\/product\/58872","targetHints":{"allow":["GET"]}}],"collection":[{"href":"https:\/\/www.atta45.se\/e-butik\/wp-json\/wp\/v2\/product"}],"about":[{"href":"https:\/\/www.atta45.se\/e-butik\/wp-json\/wp\/v2\/types\/product"}],"wp:featuredmedia":[{"embeddable":true,"href":"https:\/\/www.atta45.se\/e-butik\/wp-json\/wp\/v2\/media\/58873"}],"wp:attachment":[{"href":"https:\/\/www.atta45.se\/e-butik\/wp-json\/wp\/v2\/media?parent=58872"}],"wp:term":[{"taxonomy":"product_brand","embeddable":true,"href":"https:\/\/www.atta45.se\/e-butik\/wp-json\/wp\/v2\/product_brand?post=58872"},{"taxonomy":"product_cat","embeddable":true,"href":"https:\/\/www.atta45.se\/e-butik\/wp-json\/wp\/v2\/product_cat?post=58872"},{"taxonomy":"product_tag","embeddable":true,"href":"https:\/\/www.atta45.se\/e-butik\/wp-json\/wp\/v2\/product_tag?post=58872"}],"curies":[{"name":"wp","href":"https:\/\/api.w.org\/{rel}","templated":true}]}}