{"id":58836,"date":"2024-12-26T22:18:16","date_gmt":"2024-12-26T21:18:16","guid":{"rendered":"https:\/\/www.atta45.se\/e-butik\/?post_type=product&#038;p=58836"},"modified":"2025-10-28T00:26:56","modified_gmt":"2025-10-27T23:26:56","slug":"100-atervinningsbar-kylklamp-hdpe","status":"publish","type":"product","link":"https:\/\/www.atta45.se\/e-butik\/produkt\/100-atervinningsbar-kylklamp-hdpe\/","title":{"rendered":"Kylklamp 100 % \u00e5tervinningsbar (HDPE) Sawyer"},"content":{"rendered":"<p>100 % \u00e5tervinningsbar kylklamp i HDPE med kylgel. Kan anv\u00e4ndas om och om igen genom att \u00e5terfrysas. HDPE \u00e4r ett  material som g\u00f6r att kylklampen kan \u00e5tervinnas n\u00e4r den inte l\u00e4ngre anv\u00e4nds.<\/p>\n","protected":false},"excerpt":{"rendered":"<p>100 % \u00e5tervinningsbar kylklamp i HDPE med kylgel. Kan anv\u00e4ndas om och om igen genom att \u00e5terfrysas. HDPE \u00e4r ett material som g\u00f6r att kylklampen kan \u00e5tervinnas n\u00e4r den inte l\u00e4ngre anv\u00e4nds.<\/p>\n","protected":false},"featured_media":58837,"template":"","meta":{"_acf_changed":false,"_seopress_robots_primary_cat":"","_seopress_titles_title":"","_seopress_titles_desc":"","_seopress_robots_index":""},"product_brand":[],"product_cat":[15],"product_tag":[],"class_list":{"0":"post-58836","1":"product","2":"type-product","3":"status-publish","4":"has-post-thumbnail","6":"product_cat-okategoriserad","7":"atta45_taxonomy-vaskor-resetillbehor-kylvaskor-sv","8":"atta45_taxonomy-fritid-kylvaskor-sv","9":"atta45_taxonomy-fritid-picknickset-sv","10":"atta45_taxonomy-tema-inspiration-sasong-sv","11":"atta45_taxonomy-tema-inspiration-sasong-sommar-sv","12":"atta45_taxonomy-tema-inspiration-sv","13":"atta45_taxonomy-textil-vaskor-bagar-sv","14":"atta45_taxonomy-vaskor-resetillbehor-sv","16":"first","17":"instock","18":"taxable","19":"shipping-taxable","20":"purchasable","21":"product-type-variable"},"acf":[],"_links":{"self":[{"href":"https:\/\/www.atta45.se\/e-butik\/wp-json\/wp\/v2\/product\/58836","targetHints":{"allow":["GET"]}}],"collection":[{"href":"https:\/\/www.atta45.se\/e-butik\/wp-json\/wp\/v2\/product"}],"about":[{"href":"https:\/\/www.atta45.se\/e-butik\/wp-json\/wp\/v2\/types\/product"}],"wp:featuredmedia":[{"embeddable":true,"href":"https:\/\/www.atta45.se\/e-butik\/wp-json\/wp\/v2\/media\/58837"}],"wp:attachment":[{"href":"https:\/\/www.atta45.se\/e-butik\/wp-json\/wp\/v2\/media?parent=58836"}],"wp:term":[{"taxonomy":"product_brand","embeddable":true,"href":"https:\/\/www.atta45.se\/e-butik\/wp-json\/wp\/v2\/product_brand?post=58836"},{"taxonomy":"product_cat","embeddable":true,"href":"https:\/\/www.atta45.se\/e-butik\/wp-json\/wp\/v2\/product_cat?post=58836"},{"taxonomy":"product_tag","embeddable":true,"href":"https:\/\/www.atta45.se\/e-butik\/wp-json\/wp\/v2\/product_tag?post=58836"}],"curies":[{"name":"wp","href":"https:\/\/api.w.org\/{rel}","templated":true}]}}