{"id":58734,"date":"2024-12-26T22:17:15","date_gmt":"2024-12-26T21:17:15","guid":{"rendered":"https:\/\/www.atta45.se\/e-butik\/?post_type=product&#038;p=58734"},"modified":"2025-10-28T00:19:41","modified_gmt":"2025-10-27T23:19:41","slug":"kylvaxka-i-vavt-papper-80-g","status":"publish","type":"product","link":"https:\/\/www.atta45.se\/e-butik\/produkt\/kylvaxka-i-vavt-papper-80-g\/","title":{"rendered":"Kylv\u00e4ska Pappv\u00e4vd (80 g) Ollie"},"content":{"rendered":"<p>Papper (80gr\/m\u00b2) v\u00e4vd kylv\u00e4ska med aluminiumfolie p\u00e5 insidan, f\u00f6r sex 330 ml burkar. Med framficka och rem. Volym: 3 liter.<\/p>\n","protected":false},"excerpt":{"rendered":"<p>Papper (80gr\/m\u00b2) v\u00e4vd kylv\u00e4ska med aluminiumfolie p\u00e5 insidan, f\u00f6r sex 330 ml burkar. Med framficka och rem. Volym: 3 liter.<\/p>\n","protected":false},"featured_media":58735,"template":"","meta":{"_acf_changed":false,"_seopress_robots_primary_cat":"","_seopress_titles_title":"","_seopress_titles_desc":"","_seopress_robots_index":""},"product_brand":[],"product_cat":[15],"product_tag":[],"class_list":{"0":"post-58734","1":"product","2":"type-product","3":"status-publish","4":"has-post-thumbnail","6":"product_cat-okategoriserad","7":"atta45_taxonomy-tema-inspiration-grona-intryck-eko-vaskor-sv","8":"atta45_taxonomy-tema-inspiration-grona-intryck-sv","9":"atta45_taxonomy-kassar-pasar-kassar-sv","10":"atta45_taxonomy-vaskor-resetillbehor-kylvaskor-sv","11":"atta45_taxonomy-fritid-kylvaskor-sv","12":"atta45_taxonomy-nyheter-sv","13":"atta45_taxonomy-tema-inspiration-utvalda-produkter-nyheter-sv","14":"atta45_taxonomy-textil-organiskt-sv","15":"atta45_taxonomy-tema-inspiration-sasong-sommar-sv","16":"atta45_taxonomy-tema-inspiration-sv","17":"atta45_taxonomy-textil-vaskor-bagar-sv","18":"atta45_taxonomy-vaskor-resetillbehor-sv","20":"first","21":"instock","22":"taxable","23":"shipping-taxable","24":"purchasable","25":"product-type-variable"},"acf":[],"_links":{"self":[{"href":"https:\/\/www.atta45.se\/e-butik\/wp-json\/wp\/v2\/product\/58734","targetHints":{"allow":["GET"]}}],"collection":[{"href":"https:\/\/www.atta45.se\/e-butik\/wp-json\/wp\/v2\/product"}],"about":[{"href":"https:\/\/www.atta45.se\/e-butik\/wp-json\/wp\/v2\/types\/product"}],"wp:featuredmedia":[{"embeddable":true,"href":"https:\/\/www.atta45.se\/e-butik\/wp-json\/wp\/v2\/media\/58735"}],"wp:attachment":[{"href":"https:\/\/www.atta45.se\/e-butik\/wp-json\/wp\/v2\/media?parent=58734"}],"wp:term":[{"taxonomy":"product_brand","embeddable":true,"href":"https:\/\/www.atta45.se\/e-butik\/wp-json\/wp\/v2\/product_brand?post=58734"},{"taxonomy":"product_cat","embeddable":true,"href":"https:\/\/www.atta45.se\/e-butik\/wp-json\/wp\/v2\/product_cat?post=58734"},{"taxonomy":"product_tag","embeddable":true,"href":"https:\/\/www.atta45.se\/e-butik\/wp-json\/wp\/v2\/product_tag?post=58734"}],"curies":[{"name":"wp","href":"https:\/\/api.w.org\/{rel}","templated":true}]}}