{"id":58584,"date":"2024-12-26T22:15:43","date_gmt":"2024-12-26T21:15:43","guid":{"rendered":"https:\/\/www.atta45.se\/e-butik\/?post_type=product&#038;p=58584"},"modified":"2025-10-27T22:41:02","modified_gmt":"2025-10-27T21:41:02","slug":"kylbag-i-polyester-600d","status":"publish","type":"product","link":"https:\/\/www.atta45.se\/e-butik\/produkt\/kylbag-i-polyester-600d\/","title":{"rendered":"Kylbav\u00e4ska, i polyester (600D), Joey"},"content":{"rendered":"<p>Kylbag i polyester 600D med en framficka med kardborrest\u00e4ngning, ett stort fack, ett b\u00e4rhandtag samt en justerbar b\u00e4rrem.<\/p>\n","protected":false},"excerpt":{"rendered":"<p>Kylbag i polyester 600D med en framficka med kardborrest\u00e4ngning, ett stort fack, ett b\u00e4rhandtag samt en justerbar b\u00e4rrem.<\/p>\n","protected":false},"featured_media":58585,"template":"","meta":{"_acf_changed":false,"_seopress_robots_primary_cat":"","_seopress_titles_title":"","_seopress_titles_desc":"","_seopress_robots_index":""},"product_brand":[],"product_cat":[15],"product_tag":[],"class_list":{"0":"post-58584","1":"product","2":"type-product","3":"status-publish","4":"has-post-thumbnail","6":"product_cat-okategoriserad","7":"atta45_taxonomy-vaskor-resetillbehor-kylvaskor-sv","8":"atta45_taxonomy-fritid-kylvaskor-sv","9":"atta45_taxonomy-tema-inspiration-sasong-sv","10":"atta45_taxonomy-tema-inspiration-sasong-sommar-sv","11":"atta45_taxonomy-tema-inspiration-ogonblick-sommargladje-sv","12":"atta45_taxonomy-tema-inspiration-sv","13":"atta45_taxonomy-textil-vaskor-bagar-sv","14":"atta45_taxonomy-vaskor-resetillbehor-sv","16":"first","17":"instock","18":"taxable","19":"shipping-taxable","20":"purchasable","21":"product-type-variable"},"acf":[],"_links":{"self":[{"href":"https:\/\/www.atta45.se\/e-butik\/wp-json\/wp\/v2\/product\/58584","targetHints":{"allow":["GET"]}}],"collection":[{"href":"https:\/\/www.atta45.se\/e-butik\/wp-json\/wp\/v2\/product"}],"about":[{"href":"https:\/\/www.atta45.se\/e-butik\/wp-json\/wp\/v2\/types\/product"}],"wp:featuredmedia":[{"embeddable":true,"href":"https:\/\/www.atta45.se\/e-butik\/wp-json\/wp\/v2\/media\/58585"}],"wp:attachment":[{"href":"https:\/\/www.atta45.se\/e-butik\/wp-json\/wp\/v2\/media?parent=58584"}],"wp:term":[{"taxonomy":"product_brand","embeddable":true,"href":"https:\/\/www.atta45.se\/e-butik\/wp-json\/wp\/v2\/product_brand?post=58584"},{"taxonomy":"product_cat","embeddable":true,"href":"https:\/\/www.atta45.se\/e-butik\/wp-json\/wp\/v2\/product_cat?post=58584"},{"taxonomy":"product_tag","embeddable":true,"href":"https:\/\/www.atta45.se\/e-butik\/wp-json\/wp\/v2\/product_tag?post=58584"}],"curies":[{"name":"wp","href":"https:\/\/api.w.org\/{rel}","templated":true}]}}