{"id":58500,"date":"2024-12-26T22:14:59","date_gmt":"2024-12-26T21:14:59","guid":{"rendered":"https:\/\/www.atta45.se\/e-butik\/?post_type=product&#038;p=58500"},"modified":"2025-10-27T22:39:52","modified_gmt":"2025-10-27T21:39:52","slug":"kylvaska-for-6-burkar-33-cl-i-polyester-420d","status":"publish","type":"product","link":"https:\/\/www.atta45.se\/e-butik\/produkt\/kylvaska-for-6-burkar-33-cl-i-polyester-420d\/","title":{"rendered":"Kylv\u00e4ska,f\u00f6r 6 burkar (33 cl), polyester (420D), Cleo"},"content":{"rendered":"<p>Kylv\u00e4ska av polyester (420D) f\u00f6r 6 burkar, (6&#215;33 cl), med b\u00e4rhandtag och dragkedja i gr\u00e5tt.<\/p>\n","protected":false},"excerpt":{"rendered":"<p>Kylv\u00e4ska av polyester (420D) f\u00f6r 6 burkar, (6&#215;33 cl), med b\u00e4rhandtag och dragkedja i gr\u00e5tt.<\/p>\n","protected":false},"featured_media":58501,"template":"","meta":{"_acf_changed":false,"_seopress_robots_primary_cat":"","_seopress_titles_title":"","_seopress_titles_desc":"","_seopress_robots_index":""},"product_brand":[],"product_cat":[15],"product_tag":[],"class_list":{"0":"post-58500","1":"product","2":"type-product","3":"status-publish","4":"has-post-thumbnail","6":"product_cat-okategoriserad","7":"atta45_taxonomy-tema-inspiration-branscher-sv","8":"atta45_taxonomy-vaskor-resetillbehor-kylvaskor-sv","9":"atta45_taxonomy-fritid-kylvaskor-sv","10":"atta45_taxonomy-tema-inspiration-branscher-rekreation-sv","11":"atta45_taxonomy-tema-inspiration-sasong-sv","12":"atta45_taxonomy-tema-inspiration-sasong-sommar-sv","13":"atta45_taxonomy-tema-inspiration-ogonblick-sommargladje-sv","14":"atta45_taxonomy-tema-inspiration-sv","15":"atta45_taxonomy-textil-vaskor-bagar-sv","16":"atta45_taxonomy-vaskor-resetillbehor-sv","18":"first","19":"instock","20":"taxable","21":"shipping-taxable","22":"purchasable","23":"product-type-variable"},"acf":[],"_links":{"self":[{"href":"https:\/\/www.atta45.se\/e-butik\/wp-json\/wp\/v2\/product\/58500","targetHints":{"allow":["GET"]}}],"collection":[{"href":"https:\/\/www.atta45.se\/e-butik\/wp-json\/wp\/v2\/product"}],"about":[{"href":"https:\/\/www.atta45.se\/e-butik\/wp-json\/wp\/v2\/types\/product"}],"wp:featuredmedia":[{"embeddable":true,"href":"https:\/\/www.atta45.se\/e-butik\/wp-json\/wp\/v2\/media\/58501"}],"wp:attachment":[{"href":"https:\/\/www.atta45.se\/e-butik\/wp-json\/wp\/v2\/media?parent=58500"}],"wp:term":[{"taxonomy":"product_brand","embeddable":true,"href":"https:\/\/www.atta45.se\/e-butik\/wp-json\/wp\/v2\/product_brand?post=58500"},{"taxonomy":"product_cat","embeddable":true,"href":"https:\/\/www.atta45.se\/e-butik\/wp-json\/wp\/v2\/product_cat?post=58500"},{"taxonomy":"product_tag","embeddable":true,"href":"https:\/\/www.atta45.se\/e-butik\/wp-json\/wp\/v2\/product_tag?post=58500"}],"curies":[{"name":"wp","href":"https:\/\/api.w.org\/{rel}","templated":true}]}}