{"id":58456,"date":"2024-12-26T22:14:26","date_gmt":"2024-12-26T21:14:26","guid":{"rendered":"https:\/\/www.atta45.se\/e-butik\/?post_type=product&#038;p=58456"},"modified":"2025-10-27T20:18:08","modified_gmt":"2025-10-27T19:18:08","slug":"ryggsack-kylvaska-av-polyester-600d-vanessa","status":"publish","type":"product","link":"https:\/\/www.atta45.se\/e-butik\/produkt\/ryggsack-kylvaska-av-polyester-600d-vanessa\/","title":{"rendered":"Ryggs\u00e4ck kylv\u00e4ska av polyester (600D) Vanessa"},"content":{"rendered":"<p>Polyester (600D) och TPE + 210D\/PU kylryggs\u00e4ck med PEVA inuti. V\u00e4skan inneh\u00e5ller 10 mm PE-skum och en vattent\u00e4t insida. Stort fack med dragkedja p\u00e5 ovansidan och en ficka med dragkedja p\u00e5 framsidan. P\u00e5 sidan finns en n\u00e4tficka med  elastiskt st\u00e4ngningsband.<\/p>\n","protected":false},"excerpt":{"rendered":"<p>Polyester (600D) och TPE + 210D\/PU kylryggs\u00e4ck med PEVA inuti. V\u00e4skan inneh\u00e5ller 10 mm PE-skum och en vattent\u00e4t insida. Stort fack med dragkedja p\u00e5 ovansidan och en ficka med dragkedja p\u00e5 framsidan. P\u00e5 sidan finns en n\u00e4tficka med elastiskt st\u00e4ngningsband.<\/p>\n","protected":false},"featured_media":58457,"template":"","meta":{"_acf_changed":false,"_seopress_robots_primary_cat":"","_seopress_titles_title":"","_seopress_titles_desc":"","_seopress_robots_index":""},"product_brand":[],"product_cat":[15],"product_tag":[],"class_list":{"0":"post-58456","1":"product","2":"type-product","3":"status-publish","4":"has-post-thumbnail","6":"product_cat-okategoriserad","7":"atta45_taxonomy-vaskor-resetillbehor-kylvaskor-sv","8":"atta45_taxonomy-fritid-kylvaskor-sv","9":"atta45_taxonomy-tema-inspiration-utvalda-produkter-nyheter-sv","10":"atta45_taxonomy-nyheter-sv","11":"atta45_taxonomy-fritid-picknickset-sv","12":"atta45_taxonomy-textil-vaskor-bagar-sv","13":"atta45_taxonomy-vaskor-resetillbehor-sv","15":"first","16":"instock","17":"taxable","18":"shipping-taxable","19":"purchasable","20":"product-type-variable"},"acf":[],"_links":{"self":[{"href":"https:\/\/www.atta45.se\/e-butik\/wp-json\/wp\/v2\/product\/58456","targetHints":{"allow":["GET"]}}],"collection":[{"href":"https:\/\/www.atta45.se\/e-butik\/wp-json\/wp\/v2\/product"}],"about":[{"href":"https:\/\/www.atta45.se\/e-butik\/wp-json\/wp\/v2\/types\/product"}],"wp:featuredmedia":[{"embeddable":true,"href":"https:\/\/www.atta45.se\/e-butik\/wp-json\/wp\/v2\/media\/58457"}],"wp:attachment":[{"href":"https:\/\/www.atta45.se\/e-butik\/wp-json\/wp\/v2\/media?parent=58456"}],"wp:term":[{"taxonomy":"product_brand","embeddable":true,"href":"https:\/\/www.atta45.se\/e-butik\/wp-json\/wp\/v2\/product_brand?post=58456"},{"taxonomy":"product_cat","embeddable":true,"href":"https:\/\/www.atta45.se\/e-butik\/wp-json\/wp\/v2\/product_cat?post=58456"},{"taxonomy":"product_tag","embeddable":true,"href":"https:\/\/www.atta45.se\/e-butik\/wp-json\/wp\/v2\/product_tag?post=58456"}],"curies":[{"name":"wp","href":"https:\/\/api.w.org\/{rel}","templated":true}]}}