{"id":58426,"date":"2024-12-26T22:14:04","date_gmt":"2024-12-26T21:14:04","guid":{"rendered":"https:\/\/www.atta45.se\/e-butik\/?post_type=product&#038;p=58426"},"modified":"2025-10-27T20:17:42","modified_gmt":"2025-10-27T19:17:42","slug":"lunchbag-kylvaska-av-polyester-600d-tanja","status":"publish","type":"product","link":"https:\/\/www.atta45.se\/e-butik\/produkt\/lunchbag-kylvaska-av-polyester-600d-tanja\/","title":{"rendered":"Lunchbag kylv\u00e4ska av polyester (600D) Tanja"},"content":{"rendered":"<p>Polyester (600D) och TPE + 15C kylmats\u00e4ck med PEVA inuti. P\u00e5sen inneh\u00e5ller 6 mm PE-skum. Stort fack med dragkedja p\u00e5 ovansidan och en ficka med dragkedja p\u00e5 framsidan. Tv\u00e5 korta b\u00e4rhandtag.<\/p>\n","protected":false},"excerpt":{"rendered":"<p>Polyester (600D) och TPE + 15C kylmats\u00e4ck med PEVA inuti. P\u00e5sen inneh\u00e5ller 6 mm PE-skum. Stort fack med dragkedja p\u00e5 ovansidan och en ficka med dragkedja p\u00e5 framsidan. Tv\u00e5 korta b\u00e4rhandtag.<\/p>\n","protected":false},"featured_media":58427,"template":"","meta":{"_acf_changed":false,"_seopress_robots_primary_cat":"","_seopress_titles_title":"","_seopress_titles_desc":"","_seopress_robots_index":""},"product_brand":[],"product_cat":[15],"product_tag":[],"class_list":{"0":"post-58426","1":"product","2":"type-product","3":"status-publish","4":"has-post-thumbnail","6":"product_cat-okategoriserad","7":"atta45_taxonomy-vaskor-resetillbehor-kylvaskor-sv","8":"atta45_taxonomy-fritid-kylvaskor-sv","9":"atta45_taxonomy-tema-inspiration-utvalda-produkter-nyheter-sv","10":"atta45_taxonomy-nyheter-sv","11":"atta45_taxonomy-fritid-picknickset-sv","12":"atta45_taxonomy-textil-vaskor-bagar-sv","13":"atta45_taxonomy-vaskor-resetillbehor-sv","15":"first","16":"instock","17":"taxable","18":"shipping-taxable","19":"purchasable","20":"product-type-variable"},"acf":[],"_links":{"self":[{"href":"https:\/\/www.atta45.se\/e-butik\/wp-json\/wp\/v2\/product\/58426","targetHints":{"allow":["GET"]}}],"collection":[{"href":"https:\/\/www.atta45.se\/e-butik\/wp-json\/wp\/v2\/product"}],"about":[{"href":"https:\/\/www.atta45.se\/e-butik\/wp-json\/wp\/v2\/types\/product"}],"wp:featuredmedia":[{"embeddable":true,"href":"https:\/\/www.atta45.se\/e-butik\/wp-json\/wp\/v2\/media\/58427"}],"wp:attachment":[{"href":"https:\/\/www.atta45.se\/e-butik\/wp-json\/wp\/v2\/media?parent=58426"}],"wp:term":[{"taxonomy":"product_brand","embeddable":true,"href":"https:\/\/www.atta45.se\/e-butik\/wp-json\/wp\/v2\/product_brand?post=58426"},{"taxonomy":"product_cat","embeddable":true,"href":"https:\/\/www.atta45.se\/e-butik\/wp-json\/wp\/v2\/product_cat?post=58426"},{"taxonomy":"product_tag","embeddable":true,"href":"https:\/\/www.atta45.se\/e-butik\/wp-json\/wp\/v2\/product_tag?post=58426"}],"curies":[{"name":"wp","href":"https:\/\/api.w.org\/{rel}","templated":true}]}}