{"id":58412,"date":"2024-12-26T22:13:54","date_gmt":"2024-12-26T21:13:54","guid":{"rendered":"https:\/\/www.atta45.se\/e-butik\/?post_type=product&#038;p=58412"},"modified":"2025-10-27T20:17:30","modified_gmt":"2025-10-27T19:17:30","slug":"midjevaska-kylbag-av-polyester-600d-johannes","status":"publish","type":"product","link":"https:\/\/www.atta45.se\/e-butik\/produkt\/midjevaska-kylbag-av-polyester-600d-johannes\/","title":{"rendered":"Midjev\u00e4ska kylbag av polyester (600D) Johannes"},"content":{"rendered":"<p>Midjev\u00e4ska i polyester (600D) och TPE med PEVA-foliefoder. Stort fack med dragkedja p\u00e5 ovansidan och en ficka med dragkedja p\u00e5 framsidan. L\u00e5ng justerbar axelrem.<\/p>\n","protected":false},"excerpt":{"rendered":"<p>Midjev\u00e4ska i polyester (600D) och TPE med PEVA-foliefoder. Stort fack med dragkedja p\u00e5 ovansidan och en ficka med dragkedja p\u00e5 framsidan. L\u00e5ng justerbar axelrem.<\/p>\n","protected":false},"featured_media":58413,"template":"","meta":{"_acf_changed":false,"_seopress_robots_primary_cat":"","_seopress_titles_title":"","_seopress_titles_desc":"","_seopress_robots_index":""},"product_brand":[],"product_cat":[15],"product_tag":[],"class_list":{"0":"post-58412","1":"product","2":"type-product","3":"status-publish","4":"has-post-thumbnail","6":"product_cat-okategoriserad","7":"atta45_taxonomy-fritid-kylvaskor-sv","8":"atta45_taxonomy-vaskor-resetillbehor-kylvaskor-sv","9":"atta45_taxonomy-vaskor-resetillbehor-midjevaska-sv","10":"atta45_taxonomy-nyheter-sv","11":"atta45_taxonomy-tema-inspiration-utvalda-produkter-nyheter-sv","12":"atta45_taxonomy-textil-vaskor-bagar-sv","13":"atta45_taxonomy-vaskor-resetillbehor-sv","15":"first","16":"instock","17":"taxable","18":"shipping-taxable","19":"purchasable","20":"product-type-variable"},"acf":[],"_links":{"self":[{"href":"https:\/\/www.atta45.se\/e-butik\/wp-json\/wp\/v2\/product\/58412","targetHints":{"allow":["GET"]}}],"collection":[{"href":"https:\/\/www.atta45.se\/e-butik\/wp-json\/wp\/v2\/product"}],"about":[{"href":"https:\/\/www.atta45.se\/e-butik\/wp-json\/wp\/v2\/types\/product"}],"wp:featuredmedia":[{"embeddable":true,"href":"https:\/\/www.atta45.se\/e-butik\/wp-json\/wp\/v2\/media\/58413"}],"wp:attachment":[{"href":"https:\/\/www.atta45.se\/e-butik\/wp-json\/wp\/v2\/media?parent=58412"}],"wp:term":[{"taxonomy":"product_brand","embeddable":true,"href":"https:\/\/www.atta45.se\/e-butik\/wp-json\/wp\/v2\/product_brand?post=58412"},{"taxonomy":"product_cat","embeddable":true,"href":"https:\/\/www.atta45.se\/e-butik\/wp-json\/wp\/v2\/product_cat?post=58412"},{"taxonomy":"product_tag","embeddable":true,"href":"https:\/\/www.atta45.se\/e-butik\/wp-json\/wp\/v2\/product_tag?post=58412"}],"curies":[{"name":"wp","href":"https:\/\/api.w.org\/{rel}","templated":true}]}}