{"id":58348,"date":"2024-12-26T22:13:11","date_gmt":"2024-12-26T21:13:11","guid":{"rendered":"https:\/\/www.atta45.se\/e-butik\/?post_type=product&#038;p=58348"},"modified":"2025-10-27T19:20:55","modified_gmt":"2025-10-27T18:20:55","slug":"kylvaska-i-polyester-600d","status":"publish","type":"product","link":"https:\/\/www.atta45.se\/e-butik\/produkt\/kylvaska-i-polyester-600d\/","title":{"rendered":"Kylv\u00e4ska i polyester (600D)"},"content":{"rendered":"<p>Kylv\u00e4ska i 600D polyester, ficka p\u00e5 framsidan med f\u00e4rgad dragkedja, huvudfack i 420D i svart dobby-material. Gr\u00e5 n\u00e4tfickor p\u00e5 sidorna med elastiskt band i toppen. P\u00e5 v\u00e4skans lock finns ett elastiskt sn\u00f6re att f\u00e4sta t ex picnicfilten med. V\u00e4skans baksida \u00e4<\/p>\n","protected":false},"excerpt":{"rendered":"<p>Kylv\u00e4ska i 600D polyester, ficka p\u00e5 framsidan med f\u00e4rgad dragkedja, huvudfack i 420D i svart dobby-material. Gr\u00e5 n\u00e4tfickor p\u00e5 sidorna med elastiskt band i toppen. P\u00e5 v\u00e4skans lock finns ett elastiskt sn\u00f6re att f\u00e4sta t ex picnicfilten med. V\u00e4skans baksida \u00e4<\/p>\n","protected":false},"featured_media":58349,"template":"","meta":{"_acf_changed":false,"_seopress_robots_primary_cat":"","_seopress_titles_title":"","_seopress_titles_desc":"","_seopress_robots_index":""},"product_brand":[],"product_cat":[15],"product_tag":[],"class_list":{"0":"post-58348","1":"product","2":"type-product","3":"status-publish","4":"has-post-thumbnail","6":"product_cat-okategoriserad","7":"atta45_taxonomy-tema-inspiration-ogonblick-en-dag-i-parken-sv","8":"atta45_taxonomy-vaskor-resetillbehor-kylvaskor-sv","9":"atta45_taxonomy-fritid-kylvaskor-sv","10":"atta45_taxonomy-tema-inspiration-sv","11":"atta45_taxonomy-textil-vaskor-bagar-sv","12":"atta45_taxonomy-vaskor-resetillbehor-sv","14":"first","15":"instock","16":"taxable","17":"shipping-taxable","18":"purchasable","19":"product-type-variable"},"acf":[],"_links":{"self":[{"href":"https:\/\/www.atta45.se\/e-butik\/wp-json\/wp\/v2\/product\/58348","targetHints":{"allow":["GET"]}}],"collection":[{"href":"https:\/\/www.atta45.se\/e-butik\/wp-json\/wp\/v2\/product"}],"about":[{"href":"https:\/\/www.atta45.se\/e-butik\/wp-json\/wp\/v2\/types\/product"}],"wp:featuredmedia":[{"embeddable":true,"href":"https:\/\/www.atta45.se\/e-butik\/wp-json\/wp\/v2\/media\/58349"}],"wp:attachment":[{"href":"https:\/\/www.atta45.se\/e-butik\/wp-json\/wp\/v2\/media?parent=58348"}],"wp:term":[{"taxonomy":"product_brand","embeddable":true,"href":"https:\/\/www.atta45.se\/e-butik\/wp-json\/wp\/v2\/product_brand?post=58348"},{"taxonomy":"product_cat","embeddable":true,"href":"https:\/\/www.atta45.se\/e-butik\/wp-json\/wp\/v2\/product_cat?post=58348"},{"taxonomy":"product_tag","embeddable":true,"href":"https:\/\/www.atta45.se\/e-butik\/wp-json\/wp\/v2\/product_tag?post=58348"}],"curies":[{"name":"wp","href":"https:\/\/api.w.org\/{rel}","templated":true}]}}