{"id":57592,"date":"2024-12-26T22:05:19","date_gmt":"2024-12-26T21:05:19","guid":{"rendered":"https:\/\/www.atta45.se\/e-butik\/?post_type=product&#038;p=57592"},"modified":"2025-10-28T03:33:42","modified_gmt":"2025-10-28T02:33:42","slug":"bt170-keps-lag-profil-microfiber","status":"publish","type":"product","link":"https:\/\/www.atta45.se\/e-butik\/produkt\/bt170-keps-lag-profil-microfiber\/","title":{"rendered":"Keps l\u00e5g profil Bt170 (Microfiber)"},"content":{"rendered":"<p>Klassisk keps i l\u00e5g profil. Kan tillverkas i \u00f6nskad design. Upp till 6000 brodyrstygn ing\u00e5r i baspriset.<\/p>\n","protected":false},"excerpt":{"rendered":"<p>Klassisk keps i l\u00e5g profil. Kan tillverkas i \u00f6nskad design. Upp till 6000 brodyrstygn ing\u00e5r i baspriset.<\/p>\n","protected":false},"featured_media":57593,"template":"","meta":{"_acf_changed":false,"_seopress_robots_primary_cat":"","_seopress_titles_title":"","_seopress_titles_desc":"","_seopress_robots_index":""},"product_brand":[],"product_cat":[15],"product_tag":[],"class_list":{"0":"post-57592","1":"product","2":"type-product","3":"status-publish","4":"has-post-thumbnail","6":"product_cat-okategoriserad","7":"atta45_taxonomy-tema-inspiration-varumarken-btcap-sv","8":"atta45_taxonomy-kepsar-mossor-btcap-collection-kepsar-sv","9":"atta45_taxonomy-fritid-kepsar-mossor-sv","11":"first","12":"instock","13":"taxable","14":"shipping-taxable","15":"purchasable","16":"product-type-variable"},"acf":[],"_links":{"self":[{"href":"https:\/\/www.atta45.se\/e-butik\/wp-json\/wp\/v2\/product\/57592","targetHints":{"allow":["GET"]}}],"collection":[{"href":"https:\/\/www.atta45.se\/e-butik\/wp-json\/wp\/v2\/product"}],"about":[{"href":"https:\/\/www.atta45.se\/e-butik\/wp-json\/wp\/v2\/types\/product"}],"wp:featuredmedia":[{"embeddable":true,"href":"https:\/\/www.atta45.se\/e-butik\/wp-json\/wp\/v2\/media\/57593"}],"wp:attachment":[{"href":"https:\/\/www.atta45.se\/e-butik\/wp-json\/wp\/v2\/media?parent=57592"}],"wp:term":[{"taxonomy":"product_brand","embeddable":true,"href":"https:\/\/www.atta45.se\/e-butik\/wp-json\/wp\/v2\/product_brand?post=57592"},{"taxonomy":"product_cat","embeddable":true,"href":"https:\/\/www.atta45.se\/e-butik\/wp-json\/wp\/v2\/product_cat?post=57592"},{"taxonomy":"product_tag","embeddable":true,"href":"https:\/\/www.atta45.se\/e-butik\/wp-json\/wp\/v2\/product_tag?post=57592"}],"curies":[{"name":"wp","href":"https:\/\/api.w.org\/{rel}","templated":true}]}}