{"id":57458,"date":"2024-12-26T22:03:53","date_gmt":"2024-12-26T21:03:53","guid":{"rendered":"https:\/\/www.atta45.se\/e-butik\/?post_type=product&#038;p=57458"},"modified":"2025-10-28T00:32:31","modified_gmt":"2025-10-27T23:32:31","slug":"mossa-sport-eu","status":"publish","type":"product","link":"https:\/\/www.atta45.se\/e-butik\/produkt\/mossa-sport-eu\/","title":{"rendered":"M\u00f6ssa Sport EU"},"content":{"rendered":"<p>En sportm\u00f6ssa som ger skydd i kallt v\u00e4der under utomhusaktiviteter.<\/p>\n<p>Hela produkten trycks i din design. Allt fr\u00e5n bottenf\u00e4rgen till logotypen. G\u00f6rs i fullf\u00e4rgstryck, vilket ger total frihet i f\u00e4rger och layout.<\/p>\n<p>Storlek: M\/L<br \/>Material: 85% polyester, elastan 15%<br \/>Materialvikt: 250g\/m2 <\/p>\n<p>M\u00f6ssan \u00e4r sublimeringstryckt (allover), vilket ger fantastiska designm\u00f6jligheter.<\/p>\n<p>The One Premium<\/p>\n","protected":false},"excerpt":{"rendered":"<p>En sportm\u00f6ssa som ger skydd i kallt v\u00e4der under utomhusaktiviteter. Hela produkten trycks i din design. Allt fr\u00e5n bottenf\u00e4rgen till logotypen. G\u00f6rs i fullf\u00e4rgstryck, vilket ger total frihet i f\u00e4rger och layout. Storlek: M\/LMaterial: 85% polyester, elastan 15%Materialvikt: 250g\/m2 M\u00f6ssan \u00e4r sublimeringstryckt (allover), vilket ger fantastiska designm\u00f6jligheter. The One Premium<\/p>\n","protected":false},"featured_media":57459,"template":"","meta":{"_acf_changed":false,"_seopress_robots_primary_cat":"","_seopress_titles_title":"","_seopress_titles_desc":"","_seopress_robots_index":""},"product_brand":[],"product_cat":[15],"product_tag":[],"class_list":{"0":"post-57458","1":"product","2":"type-product","3":"status-publish","4":"has-post-thumbnail","6":"product_cat-okategoriserad","7":"atta45_taxonomy-kepsar-mossor-sv","8":"atta45_taxonomy-fritid-kepsar-mossor-sv","9":"atta45_taxonomy-textil-mossor-kepsar-accessoarer-sv","10":"atta45_taxonomy-tema-inspiration-varumarken-the-one-premium-sv","12":"first","13":"instock","14":"taxable","15":"shipping-taxable","16":"purchasable","17":"product-type-variable"},"acf":[],"_links":{"self":[{"href":"https:\/\/www.atta45.se\/e-butik\/wp-json\/wp\/v2\/product\/57458","targetHints":{"allow":["GET"]}}],"collection":[{"href":"https:\/\/www.atta45.se\/e-butik\/wp-json\/wp\/v2\/product"}],"about":[{"href":"https:\/\/www.atta45.se\/e-butik\/wp-json\/wp\/v2\/types\/product"}],"wp:featuredmedia":[{"embeddable":true,"href":"https:\/\/www.atta45.se\/e-butik\/wp-json\/wp\/v2\/media\/57459"}],"wp:attachment":[{"href":"https:\/\/www.atta45.se\/e-butik\/wp-json\/wp\/v2\/media?parent=57458"}],"wp:term":[{"taxonomy":"product_brand","embeddable":true,"href":"https:\/\/www.atta45.se\/e-butik\/wp-json\/wp\/v2\/product_brand?post=57458"},{"taxonomy":"product_cat","embeddable":true,"href":"https:\/\/www.atta45.se\/e-butik\/wp-json\/wp\/v2\/product_cat?post=57458"},{"taxonomy":"product_tag","embeddable":true,"href":"https:\/\/www.atta45.se\/e-butik\/wp-json\/wp\/v2\/product_tag?post=57458"}],"curies":[{"name":"wp","href":"https:\/\/api.w.org\/{rel}","templated":true}]}}