{"id":57426,"date":"2024-12-26T22:03:20","date_gmt":"2024-12-26T21:03:20","guid":{"rendered":"https:\/\/www.atta45.se\/e-butik\/?post_type=product&#038;p=57426"},"modified":"2025-10-27T17:48:37","modified_gmt":"2025-10-27T16:48:37","slug":"mossa-pro-eu","status":"publish","type":"product","link":"https:\/\/www.atta45.se\/e-butik\/produkt\/mossa-pro-eu\/","title":{"rendered":"M\u00f6ssa Pro EU"},"content":{"rendered":"<p>Mycket varm och samtidigt extremt l\u00e4tt m\u00f6ssa, gjord f\u00f6r att ge h\u00f6gsta skydd mot l\u00e5ga temperaturer under utomhusaktiviteter p\u00e5 kalla dagar.<\/p>\n<p>The fabric is made in Italy by Carvico<\/p>\n<p>Hela produkten trycks i din design. Allt fr\u00e5n bottenf\u00e4rgen till logotypen. G\u00f6rs i fullf\u00e4rgstryck, vilket ger total frihet i f\u00e4rger och layout.<\/p>\n<p>Size: 25\u00d726 cm (+\/- 1 cm)<br \/>Material: polyester 85%, elastane 15%<br \/>Material weight: 250 g \/ m2<br \/>Packed: individual<\/p>\n<p>The One Premium<\/p>\n","protected":false},"excerpt":{"rendered":"<p>Mycket varm och samtidigt extremt l\u00e4tt m\u00f6ssa, gjord f\u00f6r att ge h\u00f6gsta skydd mot l\u00e5ga temperaturer under utomhusaktiviteter p\u00e5 kalla dagar. The fabric is made in Italy by Carvico Hela produkten trycks i din design. Allt fr\u00e5n bottenf\u00e4rgen till logotypen. G\u00f6rs i fullf\u00e4rgstryck, vilket ger total frihet i f\u00e4rger och layout. Size: 25\u00d726 cm (+\/- [&hellip;]<\/p>\n","protected":false},"featured_media":57427,"template":"","meta":{"_acf_changed":false,"_seopress_robots_primary_cat":"","_seopress_titles_title":"","_seopress_titles_desc":"","_seopress_robots_index":""},"product_brand":[],"product_cat":[15],"product_tag":[],"class_list":{"0":"post-57426","1":"product","2":"type-product","3":"status-publish","4":"has-post-thumbnail","6":"product_cat-okategoriserad","7":"atta45_taxonomy-fritid-kepsar-mossor-sv","8":"atta45_taxonomy-textil-mossor-kepsar-accessoarer-sv","9":"atta45_taxonomy-textil-sublimering-sv","10":"atta45_taxonomy-tema-inspiration-varumarken-the-one-premium-sv","12":"first","13":"instock","14":"taxable","15":"shipping-taxable","16":"purchasable","17":"product-type-variable"},"acf":[],"_links":{"self":[{"href":"https:\/\/www.atta45.se\/e-butik\/wp-json\/wp\/v2\/product\/57426","targetHints":{"allow":["GET"]}}],"collection":[{"href":"https:\/\/www.atta45.se\/e-butik\/wp-json\/wp\/v2\/product"}],"about":[{"href":"https:\/\/www.atta45.se\/e-butik\/wp-json\/wp\/v2\/types\/product"}],"wp:featuredmedia":[{"embeddable":true,"href":"https:\/\/www.atta45.se\/e-butik\/wp-json\/wp\/v2\/media\/57427"}],"wp:attachment":[{"href":"https:\/\/www.atta45.se\/e-butik\/wp-json\/wp\/v2\/media?parent=57426"}],"wp:term":[{"taxonomy":"product_brand","embeddable":true,"href":"https:\/\/www.atta45.se\/e-butik\/wp-json\/wp\/v2\/product_brand?post=57426"},{"taxonomy":"product_cat","embeddable":true,"href":"https:\/\/www.atta45.se\/e-butik\/wp-json\/wp\/v2\/product_cat?post=57426"},{"taxonomy":"product_tag","embeddable":true,"href":"https:\/\/www.atta45.se\/e-butik\/wp-json\/wp\/v2\/product_tag?post=57426"}],"curies":[{"name":"wp","href":"https:\/\/api.w.org\/{rel}","templated":true}]}}