{"id":57298,"date":"2024-12-26T22:01:42","date_gmt":"2024-12-26T21:01:42","guid":{"rendered":"https:\/\/www.atta45.se\/e-butik\/?post_type=product&#038;p=57298"},"modified":"2025-10-27T22:01:01","modified_gmt":"2025-10-27T21:01:01","slug":"fleecemossa","status":"publish","type":"product","link":"https:\/\/www.atta45.se\/e-butik\/produkt\/fleecemossa\/","title":{"rendered":"Fleecem\u00f6ssa"},"content":{"rendered":"<p>Fleecem\u00f6ssa i m\u00e5nga olika f\u00e4rger. 100% polyester, 200 gr\/m\u00b2.<\/p>\n","protected":false},"excerpt":{"rendered":"<p>Fleecem\u00f6ssa i m\u00e5nga olika f\u00e4rger. 100% polyester, 200 gr\/m\u00b2.<\/p>\n","protected":false},"featured_media":57299,"template":"","meta":{"_acf_changed":false,"_seopress_robots_primary_cat":"","_seopress_titles_title":"","_seopress_titles_desc":"","_seopress_robots_index":""},"product_brand":[],"product_cat":[15],"product_tag":[],"class_list":{"0":"post-57298","1":"product","2":"type-product","3":"status-publish","4":"has-post-thumbnail","6":"product_cat-okategoriserad","7":"atta45_taxonomy-tema-inspiration-speciella-trycktekniker-brodyr-sv","8":"atta45_taxonomy-kepsar-mossor-sv","9":"atta45_taxonomy-fritid-kepsar-mossor-sv","10":"atta45_taxonomy-textil-mossor-kepsar-accessoarer-sv","11":"atta45_taxonomy-paraply-sv","12":"atta45_taxonomy-tema-inspiration-sasong-sv","13":"atta45_taxonomy-tema-inspiration-speciella-trycktekniker-sv","14":"atta45_taxonomy-tema-inspiration-sv","15":"atta45_taxonomy-tema-inspiration-sasong-vinter-sv","16":"atta45_taxonomy-tema-inspiration-ogonblick-vinterlandskap-sv","18":"first","19":"instock","20":"taxable","21":"shipping-taxable","22":"purchasable","23":"product-type-variable"},"acf":[],"_links":{"self":[{"href":"https:\/\/www.atta45.se\/e-butik\/wp-json\/wp\/v2\/product\/57298","targetHints":{"allow":["GET"]}}],"collection":[{"href":"https:\/\/www.atta45.se\/e-butik\/wp-json\/wp\/v2\/product"}],"about":[{"href":"https:\/\/www.atta45.se\/e-butik\/wp-json\/wp\/v2\/types\/product"}],"wp:featuredmedia":[{"embeddable":true,"href":"https:\/\/www.atta45.se\/e-butik\/wp-json\/wp\/v2\/media\/57299"}],"wp:attachment":[{"href":"https:\/\/www.atta45.se\/e-butik\/wp-json\/wp\/v2\/media?parent=57298"}],"wp:term":[{"taxonomy":"product_brand","embeddable":true,"href":"https:\/\/www.atta45.se\/e-butik\/wp-json\/wp\/v2\/product_brand?post=57298"},{"taxonomy":"product_cat","embeddable":true,"href":"https:\/\/www.atta45.se\/e-butik\/wp-json\/wp\/v2\/product_cat?post=57298"},{"taxonomy":"product_tag","embeddable":true,"href":"https:\/\/www.atta45.se\/e-butik\/wp-json\/wp\/v2\/product_tag?post=57298"}],"curies":[{"name":"wp","href":"https:\/\/api.w.org\/{rel}","templated":true}]}}