{"id":5584,"date":"2020-06-01T13:50:16","date_gmt":"2020-06-01T11:50:16","guid":{"rendered":"https:\/\/www.atta45.se\/e-butik\/?post_type=product&#038;p=5584"},"modified":"2025-12-12T15:05:22","modified_gmt":"2025-12-12T14:05:22","slug":"mapp","status":"publish","type":"product","link":"https:\/\/www.atta45.se\/e-butik\/produkt\/mapp\/","title":{"rendered":"Mapp"},"content":{"rendered":"","protected":false},"excerpt":{"rendered":"<h1>Anv\u00e4nd v\u00e5ra f\u00e4rdiga mallar f\u00f6r dokumentmappar \u2013 v\u00e4lj mellan 10 olika modeller<\/h1>\n<p>En mapp \u00e4r ett utm\u00e4rkt s\u00e4tt att h\u00e5lla ordning p\u00e5 dina papper. En dokumentmapp \u00e4r perfekt f\u00f6r transport av avtal, rapporter eller bilder. Dessutom \u00e4r mappar ett utm\u00e4rkt s\u00e4tt att samla marknads- och s\u00e4ljmaterial n\u00e4r ni st\u00e4ller ut p\u00e5 m\u00e4ssa. Slipp dyra startkostnader f\u00f6r att tillverka stansverktyg. Anv\u00e4nd n\u00e5gon av v\u00e5ra standardmallar f\u00f6r att trycka mappar till dokument i format A4. De t\u00e4cker de flesta behov, exempelvis enkel- eller dubbelfickor, instick av visitkort mm. Mapparna \u00e4r tillverkade av h\u00f6gsta kvalitet och anv\u00e4nds med f\u00f6rdel som dokumentmapp, reklammapp eller samlingsp\u00e4rm. Vi trycker mappar p\u00e5 en stabil kartong i 300g. Alla mappar levereras ovikta. Snoddar levereras separat vid best\u00e4llning av mapp nr. 8.<\/p>\n<p>OBS: Vi kan endast ta emot en fil per produkt. Om ni vill ladda upp fler tryckoriginal, s\u00e5 skapa en mapp som ni l\u00e4gger filerna i. Sedan komprimerar ni mappen. Vi tar emot komprimerade format s\u00e5som: zip, rar, gz och 7z.<\/p>\n","protected":false},"featured_media":11599,"template":"","meta":{"_acf_changed":false,"_seopress_robots_primary_cat":"none","_seopress_titles_title":"Mappar av h\u00f6g kvalitet till bra pris | \u00c5tta.45 Tryckeri","_seopress_titles_desc":"Samla dokumenten i en snygg mapp. Tryckta mappar \u00e4r perfekt till kursmaterialet, kampanjen och dina dokument. V\u00e4lj mellan tio olika varianter.","_seopress_robots_index":""},"product_brand":[],"product_cat":[15,393],"product_tag":[],"class_list":{"0":"post-5584","1":"product","2":"type-product","3":"status-publish","4":"has-post-thumbnail","6":"product_cat-okategoriserad","7":"product_cat-tillbehor","9":"first","10":"instock","11":"taxable","12":"shipping-taxable","13":"purchasable","14":"product-type-variable","15":"has-default-attributes"},"acf":[],"_links":{"self":[{"href":"https:\/\/www.atta45.se\/e-butik\/wp-json\/wp\/v2\/product\/5584","targetHints":{"allow":["GET"]}}],"collection":[{"href":"https:\/\/www.atta45.se\/e-butik\/wp-json\/wp\/v2\/product"}],"about":[{"href":"https:\/\/www.atta45.se\/e-butik\/wp-json\/wp\/v2\/types\/product"}],"wp:featuredmedia":[{"embeddable":true,"href":"https:\/\/www.atta45.se\/e-butik\/wp-json\/wp\/v2\/media\/11599"}],"wp:attachment":[{"href":"https:\/\/www.atta45.se\/e-butik\/wp-json\/wp\/v2\/media?parent=5584"}],"wp:term":[{"taxonomy":"product_brand","embeddable":true,"href":"https:\/\/www.atta45.se\/e-butik\/wp-json\/wp\/v2\/product_brand?post=5584"},{"taxonomy":"product_cat","embeddable":true,"href":"https:\/\/www.atta45.se\/e-butik\/wp-json\/wp\/v2\/product_cat?post=5584"},{"taxonomy":"product_tag","embeddable":true,"href":"https:\/\/www.atta45.se\/e-butik\/wp-json\/wp\/v2\/product_tag?post=5584"}],"curies":[{"name":"wp","href":"https:\/\/api.w.org\/{rel}","templated":true}]}}