{"id":5448,"date":"2020-05-26T08:29:58","date_gmt":"2020-05-26T06:29:58","guid":{"rendered":"https:\/\/www.atta45.se\/e-butik\/?post_type=product&#038;p=5448"},"modified":"2025-12-12T15:07:47","modified_gmt":"2025-12-12T14:07:47","slug":"stodfotter-2st","status":"publish","type":"product","link":"https:\/\/www.atta45.se\/e-butik\/produkt\/stodfotter-2st\/","title":{"rendered":"St\u00f6df\u00f6tter &#8211; 2st"},"content":{"rendered":"","protected":false},"excerpt":{"rendered":"","protected":false},"featured_media":5606,"template":"","meta":{"_acf_changed":false,"_seopress_robots_primary_cat":"none","_seopress_titles_title":"St\u00f6df\u00f6tter till m\u00e4ssv\u00e4gg | \u00c5tta.45 Tryckeri","_seopress_titles_desc":"St\u00f6df\u00f6tter som passar Soft Image M\u00e4ssv\u00e4gg.","_seopress_robots_index":""},"product_brand":[],"product_cat":[15,393],"product_tag":[],"class_list":{"0":"post-5448","1":"product","2":"type-product","3":"status-publish","4":"has-post-thumbnail","6":"product_cat-okategoriserad","7":"product_cat-tillbehor","9":"first","10":"instock","11":"taxable","12":"shipping-taxable","13":"purchasable","14":"product-type-simple"},"acf":[],"_links":{"self":[{"href":"https:\/\/www.atta45.se\/e-butik\/wp-json\/wp\/v2\/product\/5448","targetHints":{"allow":["GET"]}}],"collection":[{"href":"https:\/\/www.atta45.se\/e-butik\/wp-json\/wp\/v2\/product"}],"about":[{"href":"https:\/\/www.atta45.se\/e-butik\/wp-json\/wp\/v2\/types\/product"}],"wp:featuredmedia":[{"embeddable":true,"href":"https:\/\/www.atta45.se\/e-butik\/wp-json\/wp\/v2\/media\/5606"}],"wp:attachment":[{"href":"https:\/\/www.atta45.se\/e-butik\/wp-json\/wp\/v2\/media?parent=5448"}],"wp:term":[{"taxonomy":"product_brand","embeddable":true,"href":"https:\/\/www.atta45.se\/e-butik\/wp-json\/wp\/v2\/product_brand?post=5448"},{"taxonomy":"product_cat","embeddable":true,"href":"https:\/\/www.atta45.se\/e-butik\/wp-json\/wp\/v2\/product_cat?post=5448"},{"taxonomy":"product_tag","embeddable":true,"href":"https:\/\/www.atta45.se\/e-butik\/wp-json\/wp\/v2\/product_tag?post=5448"}],"curies":[{"name":"wp","href":"https:\/\/api.w.org\/{rel}","templated":true}]}}