{"id":5447,"date":"2020-05-26T08:29:06","date_gmt":"2020-05-26T06:29:06","guid":{"rendered":"https:\/\/www.atta45.se\/e-butik\/?post_type=product&#038;p=5447"},"modified":"2025-12-12T15:07:53","modified_gmt":"2025-12-12T14:07:53","slug":"vaska-for-2st-spotlights","status":"publish","type":"product","link":"https:\/\/www.atta45.se\/e-butik\/produkt\/vaska-for-2st-spotlights\/","title":{"rendered":"V\u00e4ska f\u00f6r 2st spotlights"},"content":{"rendered":"","protected":false},"excerpt":{"rendered":"","protected":false},"featured_media":5610,"template":"","meta":{"_acf_changed":false,"_seopress_robots_primary_cat":"none","_seopress_titles_title":"V\u00e4ska f\u00f6r 2st spotlights | \u00c5tta.45 Tryckeri","_seopress_titles_desc":"V\u00e4ska f\u00f6r 2st spotlights.","_seopress_robots_index":""},"product_brand":[],"product_cat":[15,393],"product_tag":[],"class_list":{"0":"post-5447","1":"product","2":"type-product","3":"status-publish","4":"has-post-thumbnail","6":"product_cat-okategoriserad","7":"product_cat-tillbehor","9":"first","10":"instock","11":"taxable","12":"shipping-taxable","13":"purchasable","14":"product-type-simple"},"acf":[],"_links":{"self":[{"href":"https:\/\/www.atta45.se\/e-butik\/wp-json\/wp\/v2\/product\/5447","targetHints":{"allow":["GET"]}}],"collection":[{"href":"https:\/\/www.atta45.se\/e-butik\/wp-json\/wp\/v2\/product"}],"about":[{"href":"https:\/\/www.atta45.se\/e-butik\/wp-json\/wp\/v2\/types\/product"}],"wp:featuredmedia":[{"embeddable":true,"href":"https:\/\/www.atta45.se\/e-butik\/wp-json\/wp\/v2\/media\/5610"}],"wp:attachment":[{"href":"https:\/\/www.atta45.se\/e-butik\/wp-json\/wp\/v2\/media?parent=5447"}],"wp:term":[{"taxonomy":"product_brand","embeddable":true,"href":"https:\/\/www.atta45.se\/e-butik\/wp-json\/wp\/v2\/product_brand?post=5447"},{"taxonomy":"product_cat","embeddable":true,"href":"https:\/\/www.atta45.se\/e-butik\/wp-json\/wp\/v2\/product_cat?post=5447"},{"taxonomy":"product_tag","embeddable":true,"href":"https:\/\/www.atta45.se\/e-butik\/wp-json\/wp\/v2\/product_tag?post=5447"}],"curies":[{"name":"wp","href":"https:\/\/api.w.org\/{rel}","templated":true}]}}