{"id":5444,"date":"2020-05-26T08:24:45","date_gmt":"2020-05-26T06:24:45","guid":{"rendered":"https:\/\/www.atta45.se\/e-butik\/?post_type=product&#038;p=5444"},"modified":"2021-04-20T12:43:24","modified_gmt":"2021-04-20T10:43:24","slug":"barvaska-for-2x3-eller-3x3","status":"publish","type":"product","link":"https:\/\/www.atta45.se\/e-butik\/produkt\/barvaska-for-2x3-eller-3x3\/","title":{"rendered":"B\u00e4rv\u00e4ska f\u00f6r m\u00e4ssv\u00e4gg 2&#215;3 eller 3&#215;3"},"content":{"rendered":"","protected":false},"excerpt":{"rendered":"","protected":false},"featured_media":5608,"template":"","meta":{"_acf_changed":false,"_seopress_robots_primary_cat":"none","_seopress_titles_title":"B\u00e4rv\u00e4ska f\u00f6r m\u00e4ssv\u00e4gg 2x3 eller 3x3 | \u00c5tta.45 Tryckeri","_seopress_titles_desc":"B\u00e4rv\u00e4ska f\u00f6r m\u00e4ssv\u00e4gg 2x3 eller 3x3.","_seopress_robots_index":""},"product_brand":[],"product_cat":[15,393],"product_tag":[],"class_list":{"0":"post-5444","1":"product","2":"type-product","3":"status-publish","4":"has-post-thumbnail","6":"product_cat-okategoriserad","7":"product_cat-tillbehor","9":"first","10":"instock","11":"taxable","12":"shipping-taxable","13":"purchasable","14":"product-type-simple"},"acf":[],"_links":{"self":[{"href":"https:\/\/www.atta45.se\/e-butik\/wp-json\/wp\/v2\/product\/5444","targetHints":{"allow":["GET"]}}],"collection":[{"href":"https:\/\/www.atta45.se\/e-butik\/wp-json\/wp\/v2\/product"}],"about":[{"href":"https:\/\/www.atta45.se\/e-butik\/wp-json\/wp\/v2\/types\/product"}],"wp:featuredmedia":[{"embeddable":true,"href":"https:\/\/www.atta45.se\/e-butik\/wp-json\/wp\/v2\/media\/5608"}],"wp:attachment":[{"href":"https:\/\/www.atta45.se\/e-butik\/wp-json\/wp\/v2\/media?parent=5444"}],"wp:term":[{"taxonomy":"product_brand","embeddable":true,"href":"https:\/\/www.atta45.se\/e-butik\/wp-json\/wp\/v2\/product_brand?post=5444"},{"taxonomy":"product_cat","embeddable":true,"href":"https:\/\/www.atta45.se\/e-butik\/wp-json\/wp\/v2\/product_cat?post=5444"},{"taxonomy":"product_tag","embeddable":true,"href":"https:\/\/www.atta45.se\/e-butik\/wp-json\/wp\/v2\/product_tag?post=5444"}],"curies":[{"name":"wp","href":"https:\/\/api.w.org\/{rel}","templated":true}]}}