{"id":45311,"date":"2024-12-26T19:36:00","date_gmt":"2024-12-26T18:36:00","guid":{"rendered":"https:\/\/www.atta45.se\/e-butik\/?post_type=product&#038;p=45311"},"modified":"2025-10-27T17:05:04","modified_gmt":"2025-10-27T16:05:04","slug":"schwarzwolf-sanford-elektrisk-uppladdningsbar-tandare","status":"publish","type":"product","link":"https:\/\/www.atta45.se\/e-butik\/produkt\/schwarzwolf-sanford-elektrisk-uppladdningsbar-tandare\/","title":{"rendered":"T\u00e4ndare, elektrisk uppladdningsbar  Schwarzwolf SANFORD"},"content":{"rendered":"<p>Denna praktiska och ekologiska uppladdningsbara Schwarzwolf-t\u00e4ndare kommer att vara praktisk under din resa i naturen.<\/p>\n<p>T\u00e4ndaren arbetar utifr\u00e5n elektrisk urladdning ist\u00e4llet f\u00f6r en l\u00e5ga. Laddning kan g\u00f6ras genom att anv\u00e4nda t\u00e4ndarens mikro-USB-port, vilket g\u00f6r att den kan laddas genom att ansluta den till valfri dator eller annan kompatibel str\u00f6mk\u00e4lla med en utsp\u00e4nning DV 5V\u00b10,5V och en utstr\u00f6m under 3000 mA.<\/p>\n<p>T\u00e4ndaren inneh\u00e5ller ett litiumbatteri med en kapacitet p\u00e5 220 mAh.<\/p>\n<p>Laddningstiden f\u00f6r t\u00e4ndare \u00e4r 1\u20132 timmar och full t\u00e4ndare varar cirka en vecka eller efter 100\u2013200 gnistor.<\/p>\n<p>Levereras med USB mikrokabel. F\u00f6rpackad i en Schwarzwolf presentf\u00f6rpackning.<\/p>\n<p>Rekommenderad utskriftsteknik: laser CO2, uv print UV3.<\/p>\n<p>Maximal utskriftsstorlek: 9 \u00d7 30 mm.<\/p>\n<p>M\u00e5tt: 4,7 \u00d7 6,7 \u00d7 1,6 cm.<\/p>\n<p>Koldioxidavtryck: gCO2 e452<\/p>\n","protected":false},"excerpt":{"rendered":"<p>Denna praktiska och ekologiska uppladdningsbara Schwarzwolf-t\u00e4ndare kommer att vara praktisk under din resa i naturen. T\u00e4ndaren arbetar utifr\u00e5n elektrisk urladdning ist\u00e4llet f\u00f6r en l\u00e5ga. Laddning kan g\u00f6ras genom att anv\u00e4nda t\u00e4ndarens mikro-USB-port, vilket g\u00f6r att den kan laddas genom att ansluta den till valfri dator eller annan kompatibel str\u00f6mk\u00e4lla med en utsp\u00e4nning DV 5V\u00b10,5V och [&hellip;]<\/p>\n","protected":false},"featured_media":45312,"template":"","meta":{"_acf_changed":false,"_seopress_robots_primary_cat":"","_seopress_titles_title":"","_seopress_titles_desc":"","_seopress_robots_index":""},"product_brand":[],"product_cat":[15],"product_tag":[],"class_list":{"0":"post-45311","1":"product","2":"type-product","3":"status-publish","4":"has-post-thumbnail","6":"product_cat-okategoriserad","7":"atta45_taxonomy-fritid-grilltillbehor-sv","8":"atta45_taxonomy-fritid-overlevnadsprodukter-sv","9":"atta45_taxonomy-tema-inspiration-varumarken-schwarzwolf-sv","11":"first","12":"instock","13":"taxable","14":"shipping-taxable","15":"purchasable","16":"product-type-variable"},"acf":[],"_links":{"self":[{"href":"https:\/\/www.atta45.se\/e-butik\/wp-json\/wp\/v2\/product\/45311","targetHints":{"allow":["GET"]}}],"collection":[{"href":"https:\/\/www.atta45.se\/e-butik\/wp-json\/wp\/v2\/product"}],"about":[{"href":"https:\/\/www.atta45.se\/e-butik\/wp-json\/wp\/v2\/types\/product"}],"wp:featuredmedia":[{"embeddable":true,"href":"https:\/\/www.atta45.se\/e-butik\/wp-json\/wp\/v2\/media\/45312"}],"wp:attachment":[{"href":"https:\/\/www.atta45.se\/e-butik\/wp-json\/wp\/v2\/media?parent=45311"}],"wp:term":[{"taxonomy":"product_brand","embeddable":true,"href":"https:\/\/www.atta45.se\/e-butik\/wp-json\/wp\/v2\/product_brand?post=45311"},{"taxonomy":"product_cat","embeddable":true,"href":"https:\/\/www.atta45.se\/e-butik\/wp-json\/wp\/v2\/product_cat?post=45311"},{"taxonomy":"product_tag","embeddable":true,"href":"https:\/\/www.atta45.se\/e-butik\/wp-json\/wp\/v2\/product_tag?post=45311"}],"curies":[{"name":"wp","href":"https:\/\/api.w.org\/{rel}","templated":true}]}}