{"id":45259,"date":"2024-12-26T19:35:34","date_gmt":"2024-12-26T18:35:34","guid":{"rendered":"https:\/\/www.atta45.se\/e-butik\/?post_type=product&#038;p=45259"},"modified":"2025-10-27T14:09:27","modified_gmt":"2025-10-27T13:09:27","slug":"forklade","status":"publish","type":"product","link":"https:\/\/www.atta45.se\/e-butik\/produkt\/forklade\/","title":{"rendered":"F\u00f6rkl\u00e4de, spunnbundet (80 gr\/m\u00b2) Stacy"},"content":{"rendered":"<p>F\u00f6rkl\u00e4de i polyester att m\u00e5la p\u00e5 sj\u00e4lv. Levereras med 4 tuschpennor.<\/p>\n","protected":false},"excerpt":{"rendered":"<p>F\u00f6rkl\u00e4de i polyester att m\u00e5la p\u00e5 sj\u00e4lv. Levereras med 4 tuschpennor.<\/p>\n","protected":false},"featured_media":45260,"template":"","meta":{"_acf_changed":false,"_seopress_robots_primary_cat":"","_seopress_titles_title":"","_seopress_titles_desc":"","_seopress_robots_index":""},"product_brand":[],"product_cat":[15],"product_tag":[],"class_list":{"0":"post-45259","1":"product","2":"type-product","3":"status-publish","4":"has-post-thumbnail","6":"product_cat-okategoriserad","7":"atta45_taxonomy-fritid-grilltillbehor-sv","8":"atta45_taxonomy-hem-hushall-koksartiklar-sv","9":"atta45_taxonomy-pennor-rit-farglaggning-sv","10":"atta45_taxonomy-fritid-spel-leksaker-rit-farglaggning-sv","11":"atta45_taxonomy-tema-inspiration-ogonblick-skoldags-sv","12":"atta45_taxonomy-fritid-spel-leksaker-sv","13":"atta45_taxonomy-tema-inspiration-sv","15":"first","16":"instock","17":"taxable","18":"shipping-taxable","19":"purchasable","20":"product-type-variable"},"acf":[],"_links":{"self":[{"href":"https:\/\/www.atta45.se\/e-butik\/wp-json\/wp\/v2\/product\/45259","targetHints":{"allow":["GET"]}}],"collection":[{"href":"https:\/\/www.atta45.se\/e-butik\/wp-json\/wp\/v2\/product"}],"about":[{"href":"https:\/\/www.atta45.se\/e-butik\/wp-json\/wp\/v2\/types\/product"}],"wp:featuredmedia":[{"embeddable":true,"href":"https:\/\/www.atta45.se\/e-butik\/wp-json\/wp\/v2\/media\/45260"}],"wp:attachment":[{"href":"https:\/\/www.atta45.se\/e-butik\/wp-json\/wp\/v2\/media?parent=45259"}],"wp:term":[{"taxonomy":"product_brand","embeddable":true,"href":"https:\/\/www.atta45.se\/e-butik\/wp-json\/wp\/v2\/product_brand?post=45259"},{"taxonomy":"product_cat","embeddable":true,"href":"https:\/\/www.atta45.se\/e-butik\/wp-json\/wp\/v2\/product_cat?post=45259"},{"taxonomy":"product_tag","embeddable":true,"href":"https:\/\/www.atta45.se\/e-butik\/wp-json\/wp\/v2\/product_tag?post=45259"}],"curies":[{"name":"wp","href":"https:\/\/api.w.org\/{rel}","templated":true}]}}