{"id":45141,"date":"2024-12-26T19:33:57","date_gmt":"2024-12-26T18:33:57","guid":{"rendered":"https:\/\/www.atta45.se\/e-butik\/?post_type=product&#038;p=45141"},"modified":"2025-10-27T18:13:27","modified_gmt":"2025-10-27T17:13:27","slug":"schwarzwolf-lipno-grillspett-med-teleskopskaft","status":"publish","type":"product","link":"https:\/\/www.atta45.se\/e-butik\/produkt\/schwarzwolf-lipno-grillspett-med-teleskopskaft\/","title":{"rendered":"Grillspett Schwarzwolf Lipno med teleskopskaft"},"content":{"rendered":"<p>Praktiskt set ,ed tv\u00e5 teleskopiska grillgafflar Schwarzwolf, packad i nylonp\u00e5se med dragsko.<br \/>Material: Rostfritt st\u00e5l, PVC handtag<br \/>Rekommenderad m\u00e4rkning: Lasergravyr L1, Screentryck S2 p\u00e5 p\u00e5sen<br \/>Maximal tryckstorlek: 25 \u00d7 5 mm \/ 100 \u00d7 40 mm<br \/>M\u00e5tt: ihopf\u00e4lld 24,5 cm, utf\u00e4lld 86 cm<\/p>\n","protected":false},"excerpt":{"rendered":"<p>Praktiskt set ,ed tv\u00e5 teleskopiska grillgafflar Schwarzwolf, packad i nylonp\u00e5se med dragsko.Material: Rostfritt st\u00e5l, PVC handtagRekommenderad m\u00e4rkning: Lasergravyr L1, Screentryck S2 p\u00e5 p\u00e5senMaximal tryckstorlek: 25 \u00d7 5 mm \/ 100 \u00d7 40 mmM\u00e5tt: ihopf\u00e4lld 24,5 cm, utf\u00e4lld 86 cm<\/p>\n","protected":false},"featured_media":45142,"template":"","meta":{"_acf_changed":false,"_seopress_robots_primary_cat":"","_seopress_titles_title":"","_seopress_titles_desc":"","_seopress_robots_index":""},"product_brand":[],"product_cat":[15],"product_tag":[],"class_list":{"0":"post-45141","1":"product","2":"type-product","3":"status-publish","4":"has-post-thumbnail","6":"product_cat-okategoriserad","7":"atta45_taxonomy-fritid-grilltillbehor-sv","8":"atta45_taxonomy-tema-inspiration-varumarken-schwarzwolf-sv","10":"first","11":"instock","12":"taxable","13":"shipping-taxable","14":"purchasable","15":"product-type-variable"},"acf":[],"_links":{"self":[{"href":"https:\/\/www.atta45.se\/e-butik\/wp-json\/wp\/v2\/product\/45141","targetHints":{"allow":["GET"]}}],"collection":[{"href":"https:\/\/www.atta45.se\/e-butik\/wp-json\/wp\/v2\/product"}],"about":[{"href":"https:\/\/www.atta45.se\/e-butik\/wp-json\/wp\/v2\/types\/product"}],"wp:featuredmedia":[{"embeddable":true,"href":"https:\/\/www.atta45.se\/e-butik\/wp-json\/wp\/v2\/media\/45142"}],"wp:attachment":[{"href":"https:\/\/www.atta45.se\/e-butik\/wp-json\/wp\/v2\/media?parent=45141"}],"wp:term":[{"taxonomy":"product_brand","embeddable":true,"href":"https:\/\/www.atta45.se\/e-butik\/wp-json\/wp\/v2\/product_brand?post=45141"},{"taxonomy":"product_cat","embeddable":true,"href":"https:\/\/www.atta45.se\/e-butik\/wp-json\/wp\/v2\/product_cat?post=45141"},{"taxonomy":"product_tag","embeddable":true,"href":"https:\/\/www.atta45.se\/e-butik\/wp-json\/wp\/v2\/product_tag?post=45141"}],"curies":[{"name":"wp","href":"https:\/\/api.w.org\/{rel}","templated":true}]}}