{"id":38257,"date":"2024-12-26T18:28:58","date_gmt":"2024-12-26T17:28:58","guid":{"rendered":"https:\/\/www.atta45.se\/e-butik\/?post_type=product&#038;p=38257"},"modified":"2025-10-28T05:13:59","modified_gmt":"2025-10-28T04:13:59","slug":"uppblasbart-igloo-talt-3x3-m","status":"publish","type":"product","link":"https:\/\/www.atta45.se\/e-butik\/produkt\/uppblasbart-igloo-talt-3x3-m\/","title":{"rendered":"T\u00e4lt uppbl\u00e5sbart Igloo 3&#215;3 m"},"content":{"rendered":"<p>Uppbl\u00e5sbart t\u00e4lt  <\/p>\n<p>Monteras enkelt upp p\u00e5 10-15 min. <br \/>Inkluderar Baldakin med 4 fasta ben.<br \/>Bygg din egen kofiguration f\u00f6r ett komplett t\u00e4lt. Tillverkat i 0,3mm TPU, ett milj\u00f6v\u00e4nligt material. H\u00f6g slitstyrka och h\u00f6g luftt\u00e4thet.<\/p>\n<p>V\u00e4lj till de tillbeh\u00f6r du sj\u00e4lv \u00f6nskar s\u00e5 som,  mellan fullv\u00e4gg, f\u00f6nsterv\u00e4gg, entr\u00e8v\u00e4gg, taksk\u00e4rm, fl\u00e4kt mm<\/p>\n<p>F\u00f6r Sublimerings tryck p\u00e5  t\u00e4ltet kontakta oss f\u00f6r tryckkostnad<\/p>\n","protected":false},"excerpt":{"rendered":"<p>Uppbl\u00e5sbart t\u00e4lt Monteras enkelt upp p\u00e5 10-15 min. Inkluderar Baldakin med 4 fasta ben.Bygg din egen kofiguration f\u00f6r ett komplett t\u00e4lt. Tillverkat i 0,3mm TPU, ett milj\u00f6v\u00e4nligt material. H\u00f6g slitstyrka och h\u00f6g luftt\u00e4thet. V\u00e4lj till de tillbeh\u00f6r du sj\u00e4lv \u00f6nskar s\u00e5 som, mellan fullv\u00e4gg, f\u00f6nsterv\u00e4gg, entr\u00e8v\u00e4gg, taksk\u00e4rm, fl\u00e4kt mm F\u00f6r Sublimerings tryck p\u00e5 t\u00e4ltet kontakta [&hellip;]<\/p>\n","protected":false},"featured_media":38258,"template":"","meta":{"_acf_changed":false,"_seopress_robots_primary_cat":"","_seopress_titles_title":"","_seopress_titles_desc":"","_seopress_robots_index":""},"product_brand":[],"product_cat":[15],"product_tag":[],"class_list":{"0":"post-38257","1":"product","2":"type-product","3":"status-publish","4":"has-post-thumbnail","6":"product_cat-okategoriserad","7":"atta45_taxonomy-trading-expo-event-talt-talt-sv","8":"atta45_taxonomy-expo-event-talt-talt-sv","10":"first","11":"instock","12":"taxable","13":"shipping-taxable","14":"purchasable","15":"product-type-variable"},"acf":[],"_links":{"self":[{"href":"https:\/\/www.atta45.se\/e-butik\/wp-json\/wp\/v2\/product\/38257","targetHints":{"allow":["GET"]}}],"collection":[{"href":"https:\/\/www.atta45.se\/e-butik\/wp-json\/wp\/v2\/product"}],"about":[{"href":"https:\/\/www.atta45.se\/e-butik\/wp-json\/wp\/v2\/types\/product"}],"wp:featuredmedia":[{"embeddable":true,"href":"https:\/\/www.atta45.se\/e-butik\/wp-json\/wp\/v2\/media\/38258"}],"wp:attachment":[{"href":"https:\/\/www.atta45.se\/e-butik\/wp-json\/wp\/v2\/media?parent=38257"}],"wp:term":[{"taxonomy":"product_brand","embeddable":true,"href":"https:\/\/www.atta45.se\/e-butik\/wp-json\/wp\/v2\/product_brand?post=38257"},{"taxonomy":"product_cat","embeddable":true,"href":"https:\/\/www.atta45.se\/e-butik\/wp-json\/wp\/v2\/product_cat?post=38257"},{"taxonomy":"product_tag","embeddable":true,"href":"https:\/\/www.atta45.se\/e-butik\/wp-json\/wp\/v2\/product_tag?post=38257"}],"curies":[{"name":"wp","href":"https:\/\/api.w.org\/{rel}","templated":true}]}}