{"id":38219,"date":"2024-12-26T18:28:31","date_gmt":"2024-12-26T17:28:31","guid":{"rendered":"https:\/\/www.atta45.se\/e-butik\/?post_type=product&#038;p=38219"},"modified":"2025-10-28T05:11:29","modified_gmt":"2025-10-28T04:11:29","slug":"igloo-talt-3-m-hexagon-2","status":"publish","type":"product","link":"https:\/\/www.atta45.se\/e-butik\/produkt\/igloo-talt-3-m-hexagon-2\/","title":{"rendered":"T\u00e4lt Igloo 3 m Hexagon"},"content":{"rendered":"<p>Detta t\u00e4lt (hexagon form) \u00e4r komplett med t\u00e4ltram, full tryck p\u00e5 tak och disk v\u00e4gg.<\/p>\n<p>I t\u00e4ltet kan fyra till fem personer arbeta och serva kunderna utanf\u00f6r. Mobil bar, m\u00e4ssb\u00e5s, f\u00f6rs\u00e4ljningsst\u00e4lle, anv\u00e4ndningsomr\u00e5det \u00e4r stort.<\/p>\n<p>Ramen \u00e4r pulverlackerad st\u00e5l. Taket har en klassisk  form och och f\u00f6ljer disk v\u00e4ggarna inv\u00e4ndigt. Tryck med Dye sublimeringstryck p\u00e5 600D som \u00e4r vattent\u00e4t, UV och brand s\u00e4ker. H\u00f6jd 260 cm.<\/p>\n","protected":false},"excerpt":{"rendered":"<p>Detta t\u00e4lt (hexagon form) \u00e4r komplett med t\u00e4ltram, full tryck p\u00e5 tak och disk v\u00e4gg. I t\u00e4ltet kan fyra till fem personer arbeta och serva kunderna utanf\u00f6r. Mobil bar, m\u00e4ssb\u00e5s, f\u00f6rs\u00e4ljningsst\u00e4lle, anv\u00e4ndningsomr\u00e5det \u00e4r stort. Ramen \u00e4r pulverlackerad st\u00e5l. Taket har en klassisk form och och f\u00f6ljer disk v\u00e4ggarna inv\u00e4ndigt. Tryck med Dye sublimeringstryck p\u00e5 600D [&hellip;]<\/p>\n","protected":false},"featured_media":38220,"template":"","meta":{"_acf_changed":false,"_seopress_robots_primary_cat":"","_seopress_titles_title":"","_seopress_titles_desc":"","_seopress_robots_index":""},"product_brand":[],"product_cat":[15],"product_tag":[],"class_list":{"0":"post-38219","1":"product","2":"type-product","3":"status-publish","4":"has-post-thumbnail","6":"product_cat-okategoriserad","7":"atta45_taxonomy-expo-event-talt-talt-sv","8":"atta45_taxonomy-trading-expo-event-talt-talt-sv","10":"first","11":"instock","12":"taxable","13":"shipping-taxable","14":"purchasable","15":"product-type-variable"},"acf":[],"_links":{"self":[{"href":"https:\/\/www.atta45.se\/e-butik\/wp-json\/wp\/v2\/product\/38219","targetHints":{"allow":["GET"]}}],"collection":[{"href":"https:\/\/www.atta45.se\/e-butik\/wp-json\/wp\/v2\/product"}],"about":[{"href":"https:\/\/www.atta45.se\/e-butik\/wp-json\/wp\/v2\/types\/product"}],"wp:featuredmedia":[{"embeddable":true,"href":"https:\/\/www.atta45.se\/e-butik\/wp-json\/wp\/v2\/media\/38220"}],"wp:attachment":[{"href":"https:\/\/www.atta45.se\/e-butik\/wp-json\/wp\/v2\/media?parent=38219"}],"wp:term":[{"taxonomy":"product_brand","embeddable":true,"href":"https:\/\/www.atta45.se\/e-butik\/wp-json\/wp\/v2\/product_brand?post=38219"},{"taxonomy":"product_cat","embeddable":true,"href":"https:\/\/www.atta45.se\/e-butik\/wp-json\/wp\/v2\/product_cat?post=38219"},{"taxonomy":"product_tag","embeddable":true,"href":"https:\/\/www.atta45.se\/e-butik\/wp-json\/wp\/v2\/product_tag?post=38219"}],"curies":[{"name":"wp","href":"https:\/\/api.w.org\/{rel}","templated":true}]}}