{"id":38181,"date":"2024-12-26T18:28:13","date_gmt":"2024-12-26T17:28:13","guid":{"rendered":"https:\/\/www.atta45.se\/e-butik\/?post_type=product&#038;p=38181"},"modified":"2025-10-28T05:10:04","modified_gmt":"2025-10-28T04:10:04","slug":"stjarntalt-4x4x4m","status":"publish","type":"product","link":"https:\/\/www.atta45.se\/e-butik\/produkt\/stjarntalt-4x4x4m\/","title":{"rendered":"Stj\u00e4rnt\u00e4lt 4x4x4m"},"content":{"rendered":"<p>F\u00e4rgsublimering ing\u00e5r, komplett t\u00e4ltstolpe och duk<\/p>\n<p>Dia: 6m H: 4m<\/p>\n<p>Snygg och praktisk Stj\u00e4rnformat t\u00e4lt, enkel och snabb att installera. den senaste utrustningen f\u00f6r festivaler, utst\u00e4llningar, roadshows och nya produktlanseringar, vilket maximerar ditt varum\u00e4rkespotential.<\/p>\n<p>Stativ ? Ytoxidbehandling av aluminiumlegering, diameter 76 mm, tjocklek 2,6 mm<\/p>\n<p>Fot: galvaniserade j\u00e4rnbeslag<\/p>\n<p>T\u00e4ltplatta: Tyget \u00e4r extremt tufft och slitstarkt 600D polyester, UV-stabilt, flamh\u00e4mmande enligt BS-standard och helt vattent\u00e4tt.<\/p>\n<p>F\u00f6r \u00f6vrig tryck kontakta oss f\u00f6r tryckkostnad<\/p>\n","protected":false},"excerpt":{"rendered":"<p>F\u00e4rgsublimering ing\u00e5r, komplett t\u00e4ltstolpe och duk Dia: 6m H: 4m Snygg och praktisk Stj\u00e4rnformat t\u00e4lt, enkel och snabb att installera. den senaste utrustningen f\u00f6r festivaler, utst\u00e4llningar, roadshows och nya produktlanseringar, vilket maximerar ditt varum\u00e4rkespotential. Stativ ? Ytoxidbehandling av aluminiumlegering, diameter 76 mm, tjocklek 2,6 mm Fot: galvaniserade j\u00e4rnbeslag T\u00e4ltplatta: Tyget \u00e4r extremt tufft och slitstarkt [&hellip;]<\/p>\n","protected":false},"featured_media":38184,"template":"","meta":{"_acf_changed":false,"_seopress_robots_primary_cat":"","_seopress_titles_title":"","_seopress_titles_desc":"","_seopress_robots_index":""},"product_brand":[],"product_cat":[15],"product_tag":[],"class_list":{"0":"post-38181","1":"product","2":"type-product","3":"status-publish","4":"has-post-thumbnail","6":"product_cat-okategoriserad","7":"atta45_taxonomy-expo-event-talt-talt-sv","8":"atta45_taxonomy-trading-expo-event-talt-talt-sv","10":"first","11":"instock","12":"taxable","13":"shipping-taxable","14":"purchasable","15":"product-type-variable"},"acf":[],"_links":{"self":[{"href":"https:\/\/www.atta45.se\/e-butik\/wp-json\/wp\/v2\/product\/38181","targetHints":{"allow":["GET"]}}],"collection":[{"href":"https:\/\/www.atta45.se\/e-butik\/wp-json\/wp\/v2\/product"}],"about":[{"href":"https:\/\/www.atta45.se\/e-butik\/wp-json\/wp\/v2\/types\/product"}],"wp:featuredmedia":[{"embeddable":true,"href":"https:\/\/www.atta45.se\/e-butik\/wp-json\/wp\/v2\/media\/38184"}],"wp:attachment":[{"href":"https:\/\/www.atta45.se\/e-butik\/wp-json\/wp\/v2\/media?parent=38181"}],"wp:term":[{"taxonomy":"product_brand","embeddable":true,"href":"https:\/\/www.atta45.se\/e-butik\/wp-json\/wp\/v2\/product_brand?post=38181"},{"taxonomy":"product_cat","embeddable":true,"href":"https:\/\/www.atta45.se\/e-butik\/wp-json\/wp\/v2\/product_cat?post=38181"},{"taxonomy":"product_tag","embeddable":true,"href":"https:\/\/www.atta45.se\/e-butik\/wp-json\/wp\/v2\/product_tag?post=38181"}],"curies":[{"name":"wp","href":"https:\/\/api.w.org\/{rel}","templated":true}]}}