{"id":38167,"date":"2024-12-26T18:28:08","date_gmt":"2024-12-26T17:28:08","guid":{"rendered":"https:\/\/www.atta45.se\/e-butik\/?post_type=product&#038;p=38167"},"modified":"2025-10-28T05:09:33","modified_gmt":"2025-10-28T04:09:33","slug":"talt-3-x-6-m","status":"publish","type":"product","link":"https:\/\/www.atta45.se\/e-butik\/produkt\/talt-3-x-6-m\/","title":{"rendered":"T\u00e4lt 3 x 6 m"},"content":{"rendered":"<p>40 mm hexagonal alu ram.<br \/>Bygg din egen konfiguration till komplett t\u00e4lt. B\u00f6rja med att v\u00e4lja tak och vilken typ av v\u00e4ggar som \u00f6nskas.<\/p>\n<p>T\u00e4ltet \u00e4r l\u00e4tt att s\u00e4tta upp. Vi rekommenderar att v\u00e4lja till s\u00e4kerhets set, vikter och en praktisk v\u00e4ska att f\u00f6rvara och transportera t\u00e4ltet i. <\/p>\n","protected":false},"excerpt":{"rendered":"<p>40 mm hexagonal alu ram.Bygg din egen konfiguration till komplett t\u00e4lt. B\u00f6rja med att v\u00e4lja tak och vilken typ av v\u00e4ggar som \u00f6nskas. T\u00e4ltet \u00e4r l\u00e4tt att s\u00e4tta upp. Vi rekommenderar att v\u00e4lja till s\u00e4kerhets set, vikter och en praktisk v\u00e4ska att f\u00f6rvara och transportera t\u00e4ltet i.<\/p>\n","protected":false},"featured_media":38171,"template":"","meta":{"_acf_changed":false,"_seopress_robots_primary_cat":"","_seopress_titles_title":"","_seopress_titles_desc":"","_seopress_robots_index":""},"product_brand":[],"product_cat":[15],"product_tag":[],"class_list":{"0":"post-38167","1":"product","2":"type-product","3":"status-publish","4":"has-post-thumbnail","6":"product_cat-okategoriserad","7":"atta45_taxonomy-expo-event-talt-talt-sv","8":"atta45_taxonomy-trading-expo-event-talt-talt-sv","10":"first","11":"instock","12":"taxable","13":"shipping-taxable","14":"purchasable","15":"product-type-variable"},"acf":[],"_links":{"self":[{"href":"https:\/\/www.atta45.se\/e-butik\/wp-json\/wp\/v2\/product\/38167","targetHints":{"allow":["GET"]}}],"collection":[{"href":"https:\/\/www.atta45.se\/e-butik\/wp-json\/wp\/v2\/product"}],"about":[{"href":"https:\/\/www.atta45.se\/e-butik\/wp-json\/wp\/v2\/types\/product"}],"wp:featuredmedia":[{"embeddable":true,"href":"https:\/\/www.atta45.se\/e-butik\/wp-json\/wp\/v2\/media\/38171"}],"wp:attachment":[{"href":"https:\/\/www.atta45.se\/e-butik\/wp-json\/wp\/v2\/media?parent=38167"}],"wp:term":[{"taxonomy":"product_brand","embeddable":true,"href":"https:\/\/www.atta45.se\/e-butik\/wp-json\/wp\/v2\/product_brand?post=38167"},{"taxonomy":"product_cat","embeddable":true,"href":"https:\/\/www.atta45.se\/e-butik\/wp-json\/wp\/v2\/product_cat?post=38167"},{"taxonomy":"product_tag","embeddable":true,"href":"https:\/\/www.atta45.se\/e-butik\/wp-json\/wp\/v2\/product_tag?post=38167"}],"curies":[{"name":"wp","href":"https:\/\/api.w.org\/{rel}","templated":true}]}}