{"id":381613,"date":"2025-09-12T20:44:17","date_gmt":"2025-09-12T18:44:17","guid":{"rendered":"https:\/\/www.atta45.se\/e-butik\/produkt\/mugg-julset-winter-melody\/"},"modified":"2025-10-28T05:31:31","modified_gmt":"2025-10-28T04:31:31","slug":"mugg-julset-winter-melody","status":"publish","type":"product","link":"https:\/\/www.atta45.se\/e-butik\/produkt\/mugg-julset-winter-melody\/","title":{"rendered":"Julset Winter mugg Melody"},"content":{"rendered":"<p>Setet inneh\u00e5ller:<\/p>\n<p>Tv\u00e5 eleganta Melody-muggar i porslin.<br \/>S\u00f6ta mandlar i mj\u00f6lkchoklad med kanel<br \/>Aromatiskt gr\u00f6nt Sencha-te med k\u00f6rsb\u00e4r, rosenblad och ginkgo biloba-blad 80 g.<br \/>Naturlig hantverksm\u00e4ssig honung med flera blommor 130 g<\/p>\n<p>Exklusiv presentask med magnetf\u00f6rslutning och m\u00f6jlighet att l\u00e4gga till ett matchande band och kort.<\/p>\n<p>Cupline<\/p>\n","protected":false},"excerpt":{"rendered":"<p>Setet inneh\u00e5ller: Tv\u00e5 eleganta Melody-muggar i porslin.S\u00f6ta mandlar i mj\u00f6lkchoklad med kanelAromatiskt gr\u00f6nt Sencha-te med k\u00f6rsb\u00e4r, rosenblad och ginkgo biloba-blad 80 g.Naturlig hantverksm\u00e4ssig honung med flera blommor 130 g Exklusiv presentask med magnetf\u00f6rslutning och m\u00f6jlighet att l\u00e4gga till ett matchande band och kort. Cupline<\/p>\n","protected":false},"featured_media":0,"template":"","meta":{"_acf_changed":false,"_seopress_robots_primary_cat":"","_seopress_titles_title":"","_seopress_titles_desc":"","_seopress_robots_index":""},"product_brand":[],"product_cat":[15],"product_tag":[],"class_list":{"0":"post-381613","1":"product","2":"type-product","3":"status-publish","5":"product_cat-okategoriserad","6":"atta45_taxonomy-tema-inspiration-varumarken-cupline-sv","7":"atta45_taxonomy-tema-inspiration-ogonblick-jul-sv","8":"atta45_taxonomy-muggar-muggar-sv","9":"atta45_taxonomy-hem-hushall-muggar-sv","10":"atta45_taxonomy-nyheter-sv","12":"first","13":"instock","14":"taxable","15":"shipping-taxable","16":"purchasable","17":"product-type-variable"},"acf":[],"_links":{"self":[{"href":"https:\/\/www.atta45.se\/e-butik\/wp-json\/wp\/v2\/product\/381613","targetHints":{"allow":["GET"]}}],"collection":[{"href":"https:\/\/www.atta45.se\/e-butik\/wp-json\/wp\/v2\/product"}],"about":[{"href":"https:\/\/www.atta45.se\/e-butik\/wp-json\/wp\/v2\/types\/product"}],"wp:attachment":[{"href":"https:\/\/www.atta45.se\/e-butik\/wp-json\/wp\/v2\/media?parent=381613"}],"wp:term":[{"taxonomy":"product_brand","embeddable":true,"href":"https:\/\/www.atta45.se\/e-butik\/wp-json\/wp\/v2\/product_brand?post=381613"},{"taxonomy":"product_cat","embeddable":true,"href":"https:\/\/www.atta45.se\/e-butik\/wp-json\/wp\/v2\/product_cat?post=381613"},{"taxonomy":"product_tag","embeddable":true,"href":"https:\/\/www.atta45.se\/e-butik\/wp-json\/wp\/v2\/product_tag?post=381613"}],"curies":[{"name":"wp","href":"https:\/\/api.w.org\/{rel}","templated":true}]}}