{"id":381605,"date":"2025-09-12T20:43:13","date_gmt":"2025-09-12T18:43:13","guid":{"rendered":"https:\/\/www.atta45.se\/e-butik\/produkt\/mugg-julset-loft\/"},"modified":"2025-10-28T05:31:15","modified_gmt":"2025-10-28T04:31:15","slug":"mugg-julset-loft","status":"publish","type":"product","link":"https:\/\/www.atta45.se\/e-butik\/produkt\/mugg-julset-loft\/","title":{"rendered":"Julset Cozy mugg Loft"},"content":{"rendered":"<p>Setet inneh\u00e5ller:<\/p>\n<p>Loftmugg i m\u00f6rkgr\u00f6nt eller Loft Supreme i r\u00f6tt och svart.<\/p>\n<p>V\u00e4rmande belgisk drickchoklad 40 g Aromatisk Arabica Brasilien Cerrado Mineiro kaffeb\u00f6nor i en 150 g burk Exklusiva studentkakor 8 st \u2013 blandade smaker <\/p>\n<p>Elegant f\u00f6rpackningsdekoration: f\u00e4rgkoordinerat band eller banderoll.<\/p>\n<p>Allt f\u00f6rpackat i en snygg eko-presentask med f\u00f6nster.<\/p>\n<p>Ytterligare anpassningsalternativ:<br \/>Tryck p\u00e5 muggen, f\u00f6retagslogotypetikett, band eller \u00e4rm med ett vintertema berikat med guldst\u00e4mpling.<\/p>\n<p>Cupline<\/p>\n","protected":false},"excerpt":{"rendered":"<p>Setet inneh\u00e5ller: Loftmugg i m\u00f6rkgr\u00f6nt eller Loft Supreme i r\u00f6tt och svart. V\u00e4rmande belgisk drickchoklad 40 g Aromatisk Arabica Brasilien Cerrado Mineiro kaffeb\u00f6nor i en 150 g burk Exklusiva studentkakor 8 st \u2013 blandade smaker Elegant f\u00f6rpackningsdekoration: f\u00e4rgkoordinerat band eller banderoll. Allt f\u00f6rpackat i en snygg eko-presentask med f\u00f6nster. Ytterligare anpassningsalternativ:Tryck p\u00e5 muggen, f\u00f6retagslogotypetikett, band [&hellip;]<\/p>\n","protected":false},"featured_media":0,"template":"","meta":{"_acf_changed":false,"_seopress_robots_primary_cat":"","_seopress_titles_title":"","_seopress_titles_desc":"","_seopress_robots_index":""},"product_brand":[],"product_cat":[15],"product_tag":[],"class_list":{"0":"post-381605","1":"product","2":"type-product","3":"status-publish","5":"product_cat-okategoriserad","6":"atta45_taxonomy-tema-inspiration-varumarken-cupline-sv","7":"atta45_taxonomy-tema-inspiration-ogonblick-jul-sv","8":"atta45_taxonomy-hem-hushall-muggar-sv","9":"atta45_taxonomy-muggar-muggar-sv","10":"atta45_taxonomy-nyheter-sv","12":"first","13":"instock","14":"taxable","15":"shipping-taxable","16":"purchasable","17":"product-type-variable"},"acf":[],"_links":{"self":[{"href":"https:\/\/www.atta45.se\/e-butik\/wp-json\/wp\/v2\/product\/381605","targetHints":{"allow":["GET"]}}],"collection":[{"href":"https:\/\/www.atta45.se\/e-butik\/wp-json\/wp\/v2\/product"}],"about":[{"href":"https:\/\/www.atta45.se\/e-butik\/wp-json\/wp\/v2\/types\/product"}],"wp:attachment":[{"href":"https:\/\/www.atta45.se\/e-butik\/wp-json\/wp\/v2\/media?parent=381605"}],"wp:term":[{"taxonomy":"product_brand","embeddable":true,"href":"https:\/\/www.atta45.se\/e-butik\/wp-json\/wp\/v2\/product_brand?post=381605"},{"taxonomy":"product_cat","embeddable":true,"href":"https:\/\/www.atta45.se\/e-butik\/wp-json\/wp\/v2\/product_cat?post=381605"},{"taxonomy":"product_tag","embeddable":true,"href":"https:\/\/www.atta45.se\/e-butik\/wp-json\/wp\/v2\/product_tag?post=381605"}],"curies":[{"name":"wp","href":"https:\/\/api.w.org\/{rel}","templated":true}]}}