{"id":381597,"date":"2025-09-12T20:42:14","date_gmt":"2025-09-12T18:42:14","guid":{"rendered":"https:\/\/www.atta45.se\/e-butik\/produkt\/mugg-julset-handy\/"},"modified":"2025-10-28T05:30:06","modified_gmt":"2025-10-28T04:30:06","slug":"mugg-julset-handy","status":"publish","type":"product","link":"https:\/\/www.atta45.se\/e-butik\/produkt\/mugg-julset-handy\/","title":{"rendered":"Julset Cozy mugg Handy"},"content":{"rendered":"<p>Setet inneh\u00e5ller:<\/p>\n<p>Handy Velvet-mugg rosa-vit \/ babybl\u00e5-vit \/ Handy Cool gr\u00e5-vit med m\u00f6jlighet till anpassning.<\/p>\n<p>Divine Praliner \u2013 mandlar i choklad med hallonpulver (rosa) \/ mandlar i choklad med kokos (bl\u00e5) \/ apelsinskal i m\u00f6rk choklad (gr\u00e5).<\/p>\n<p>Dessert Delights \u2013 svarta vinb\u00e4r i vit choklad med hallonpulver f\u00f6rpackade i ett r\u00f6r med vintertema.<\/p>\n<p>Allt f\u00f6rpackat i en snygg eko-presentask med f\u00f6nster.<\/p>\n<p>Ytterligare anpassningsm\u00f6jligheter:<br \/>Tryck p\u00e5 muggen, f\u00f6retagslogotypetikett, band eller sleeve med vintertema berikat med guldst\u00e4mpling.<\/p>\n<p>Cupline<\/p>\n","protected":false},"excerpt":{"rendered":"<p>Setet inneh\u00e5ller: Handy Velvet-mugg rosa-vit \/ babybl\u00e5-vit \/ Handy Cool gr\u00e5-vit med m\u00f6jlighet till anpassning. Divine Praliner \u2013 mandlar i choklad med hallonpulver (rosa) \/ mandlar i choklad med kokos (bl\u00e5) \/ apelsinskal i m\u00f6rk choklad (gr\u00e5). Dessert Delights \u2013 svarta vinb\u00e4r i vit choklad med hallonpulver f\u00f6rpackade i ett r\u00f6r med vintertema. Allt f\u00f6rpackat [&hellip;]<\/p>\n","protected":false},"featured_media":0,"template":"","meta":{"_acf_changed":false,"_seopress_robots_primary_cat":"","_seopress_titles_title":"","_seopress_titles_desc":"","_seopress_robots_index":""},"product_brand":[],"product_cat":[15],"product_tag":[],"class_list":{"0":"post-381597","1":"product","2":"type-product","3":"status-publish","5":"product_cat-okategoriserad","6":"atta45_taxonomy-tema-inspiration-varumarken-cupline-sv","7":"atta45_taxonomy-tema-inspiration-ogonblick-jul-sv","8":"atta45_taxonomy-hem-hushall-muggar-sv","9":"atta45_taxonomy-muggar-muggar-sv","10":"atta45_taxonomy-nyheter-sv","12":"first","13":"instock","14":"taxable","15":"shipping-taxable","16":"purchasable","17":"product-type-variable"},"acf":[],"_links":{"self":[{"href":"https:\/\/www.atta45.se\/e-butik\/wp-json\/wp\/v2\/product\/381597","targetHints":{"allow":["GET"]}}],"collection":[{"href":"https:\/\/www.atta45.se\/e-butik\/wp-json\/wp\/v2\/product"}],"about":[{"href":"https:\/\/www.atta45.se\/e-butik\/wp-json\/wp\/v2\/types\/product"}],"wp:attachment":[{"href":"https:\/\/www.atta45.se\/e-butik\/wp-json\/wp\/v2\/media?parent=381597"}],"wp:term":[{"taxonomy":"product_brand","embeddable":true,"href":"https:\/\/www.atta45.se\/e-butik\/wp-json\/wp\/v2\/product_brand?post=381597"},{"taxonomy":"product_cat","embeddable":true,"href":"https:\/\/www.atta45.se\/e-butik\/wp-json\/wp\/v2\/product_cat?post=381597"},{"taxonomy":"product_tag","embeddable":true,"href":"https:\/\/www.atta45.se\/e-butik\/wp-json\/wp\/v2\/product_tag?post=381597"}],"curies":[{"name":"wp","href":"https:\/\/api.w.org\/{rel}","templated":true}]}}