{"id":381589,"date":"2025-09-12T20:41:13","date_gmt":"2025-09-12T18:41:13","guid":{"rendered":"https:\/\/www.atta45.se\/e-butik\/produkt\/mugg-julset-barrel\/"},"modified":"2025-10-28T05:29:47","modified_gmt":"2025-10-28T04:29:47","slug":"mugg-julset-barrel","status":"publish","type":"product","link":"https:\/\/www.atta45.se\/e-butik\/produkt\/mugg-julset-barrel\/","title":{"rendered":"Julset Cozy mugg Barrel"},"content":{"rendered":"<p>Setet inneh\u00e5ller:<br \/>Barrel Supreme-mugg svart-r\u00f6d \/ svart-reflexbl\u00e5 \/ svart-svart med m\u00f6jlighet till anpassning.<\/p>\n<p>&#8211; Gr\u00f6nt Sencha-te med k\u00f6rsb\u00e4r och rosenblad f\u00f6rpackat i ett r\u00f6r med vintertema<br \/>&#8211; 8 chokladbitar \u2013 blandade smaker.<\/p>\n<p>Allt f\u00f6rpackat i en snygg eko-presentask med f\u00f6nster.<\/p>\n<p>Ytterligare anpassningsm\u00f6jligheter:<br \/>&#8211; tryck p\u00e5 muggen<br \/>&#8211; f\u00f6retagslogotyp<br \/>&#8211; band eller sleeve med vintertema berikat med guldpr\u00e4gling.<\/p>\n<p>Cupline<\/p>\n","protected":false},"excerpt":{"rendered":"<p>Setet inneh\u00e5ller:Barrel Supreme-mugg svart-r\u00f6d \/ svart-reflexbl\u00e5 \/ svart-svart med m\u00f6jlighet till anpassning. &#8211; Gr\u00f6nt Sencha-te med k\u00f6rsb\u00e4r och rosenblad f\u00f6rpackat i ett r\u00f6r med vintertema&#8211; 8 chokladbitar \u2013 blandade smaker. Allt f\u00f6rpackat i en snygg eko-presentask med f\u00f6nster. Ytterligare anpassningsm\u00f6jligheter:&#8211; tryck p\u00e5 muggen&#8211; f\u00f6retagslogotyp&#8211; band eller sleeve med vintertema berikat med guldpr\u00e4gling. Cupline<\/p>\n","protected":false},"featured_media":0,"template":"","meta":{"_acf_changed":false,"_seopress_robots_primary_cat":"","_seopress_titles_title":"","_seopress_titles_desc":"","_seopress_robots_index":""},"product_brand":[],"product_cat":[15],"product_tag":[],"class_list":{"0":"post-381589","1":"product","2":"type-product","3":"status-publish","5":"product_cat-okategoriserad","6":"atta45_taxonomy-tema-inspiration-varumarken-cupline-sv","7":"atta45_taxonomy-tema-inspiration-ogonblick-jul-sv","8":"atta45_taxonomy-hem-hushall-muggar-sv","9":"atta45_taxonomy-muggar-muggar-sv","10":"atta45_taxonomy-nyheter-sv","12":"first","13":"instock","14":"taxable","15":"shipping-taxable","16":"purchasable","17":"product-type-variable"},"acf":[],"_links":{"self":[{"href":"https:\/\/www.atta45.se\/e-butik\/wp-json\/wp\/v2\/product\/381589","targetHints":{"allow":["GET"]}}],"collection":[{"href":"https:\/\/www.atta45.se\/e-butik\/wp-json\/wp\/v2\/product"}],"about":[{"href":"https:\/\/www.atta45.se\/e-butik\/wp-json\/wp\/v2\/types\/product"}],"wp:attachment":[{"href":"https:\/\/www.atta45.se\/e-butik\/wp-json\/wp\/v2\/media?parent=381589"}],"wp:term":[{"taxonomy":"product_brand","embeddable":true,"href":"https:\/\/www.atta45.se\/e-butik\/wp-json\/wp\/v2\/product_brand?post=381589"},{"taxonomy":"product_cat","embeddable":true,"href":"https:\/\/www.atta45.se\/e-butik\/wp-json\/wp\/v2\/product_cat?post=381589"},{"taxonomy":"product_tag","embeddable":true,"href":"https:\/\/www.atta45.se\/e-butik\/wp-json\/wp\/v2\/product_tag?post=381589"}],"curies":[{"name":"wp","href":"https:\/\/api.w.org\/{rel}","templated":true}]}}