{"id":381585,"date":"2025-09-12T20:39:39","date_gmt":"2025-09-12T18:39:39","guid":{"rendered":"https:\/\/www.atta45.se\/e-butik\/produkt\/mugg-julset-sensitive\/"},"modified":"2025-10-28T05:29:33","modified_gmt":"2025-10-28T04:29:33","slug":"mugg-julset-sensitive","status":"publish","type":"product","link":"https:\/\/www.atta45.se\/e-butik\/produkt\/mugg-julset-sensitive\/","title":{"rendered":"Julset Cozy mugg Sensitive"},"content":{"rendered":"<p>Setets inneh\u00e5ll:<br \/>Lykta i matt guldf\u00e4rg (med sojaljus) med valfri dekoration.<\/p>\n<p>&#8211; Amaresti-praliner &#8211; mandlar i choklad med kanel.<\/p>\n<p>&#8211; Sencha gr\u00f6nt te med k\u00f6rsb\u00e4r och rosenblad, f\u00f6rpackat i ett tub med vintermotiv.<\/p>\n<p>&#8211; Lyxchoklad &#8211; Belgisk drickchoklad i en tub med vintermotiv.<\/p>\n<p>Allt f\u00f6rpackat i en snygg presentask med f\u00f6nster.<\/p>\n<p>Ytterligare anpassningsm\u00f6jligheter: Tryck p\u00e5 lyktan, f\u00f6retagslogotyp, band eller sleeve med vintermotiv berikat med guld.<\/p>\n<p>Cupline<\/p>\n","protected":false},"excerpt":{"rendered":"<p>Setets inneh\u00e5ll:Lykta i matt guldf\u00e4rg (med sojaljus) med valfri dekoration. &#8211; Amaresti-praliner &#8211; mandlar i choklad med kanel. &#8211; Sencha gr\u00f6nt te med k\u00f6rsb\u00e4r och rosenblad, f\u00f6rpackat i ett tub med vintermotiv. &#8211; Lyxchoklad &#8211; Belgisk drickchoklad i en tub med vintermotiv. Allt f\u00f6rpackat i en snygg presentask med f\u00f6nster. Ytterligare anpassningsm\u00f6jligheter: Tryck p\u00e5 lyktan, [&hellip;]<\/p>\n","protected":false},"featured_media":0,"template":"","meta":{"_acf_changed":false,"_seopress_robots_primary_cat":"","_seopress_titles_title":"","_seopress_titles_desc":"","_seopress_robots_index":""},"product_brand":[],"product_cat":[15],"product_tag":[],"class_list":{"0":"post-381585","1":"product","2":"type-product","3":"status-publish","5":"product_cat-okategoriserad","6":"atta45_taxonomy-tema-inspiration-varumarken-cupline-sv","7":"atta45_taxonomy-tema-inspiration-ogonblick-jul-sv","8":"atta45_taxonomy-hem-hushall-muggar-sv","9":"atta45_taxonomy-muggar-muggar-sv","10":"atta45_taxonomy-nyheter-sv","12":"first","13":"instock","14":"taxable","15":"shipping-taxable","16":"purchasable","17":"product-type-variable"},"acf":[],"_links":{"self":[{"href":"https:\/\/www.atta45.se\/e-butik\/wp-json\/wp\/v2\/product\/381585","targetHints":{"allow":["GET"]}}],"collection":[{"href":"https:\/\/www.atta45.se\/e-butik\/wp-json\/wp\/v2\/product"}],"about":[{"href":"https:\/\/www.atta45.se\/e-butik\/wp-json\/wp\/v2\/types\/product"}],"wp:attachment":[{"href":"https:\/\/www.atta45.se\/e-butik\/wp-json\/wp\/v2\/media?parent=381585"}],"wp:term":[{"taxonomy":"product_brand","embeddable":true,"href":"https:\/\/www.atta45.se\/e-butik\/wp-json\/wp\/v2\/product_brand?post=381585"},{"taxonomy":"product_cat","embeddable":true,"href":"https:\/\/www.atta45.se\/e-butik\/wp-json\/wp\/v2\/product_cat?post=381585"},{"taxonomy":"product_tag","embeddable":true,"href":"https:\/\/www.atta45.se\/e-butik\/wp-json\/wp\/v2\/product_tag?post=381585"}],"curies":[{"name":"wp","href":"https:\/\/api.w.org\/{rel}","templated":true}]}}