{"id":381577,"date":"2025-09-12T20:38:12","date_gmt":"2025-09-12T18:38:12","guid":{"rendered":"https:\/\/www.atta45.se\/e-butik\/produkt\/mugg-julset-fiord\/"},"modified":"2025-10-28T05:29:19","modified_gmt":"2025-10-28T04:29:19","slug":"mugg-julset-fiord","status":"publish","type":"product","link":"https:\/\/www.atta45.se\/e-butik\/produkt\/mugg-julset-fiord\/","title":{"rendered":"Julset Cozy mugg Fiord"},"content":{"rendered":"<p>Setet inneh\u00e5ller:<br \/>Fiord-mugg med m\u00f6jlighet till logotyptryck<\/p>\n<p>Divine Praliner:<br \/>tranb\u00e4r i choklad (r\u00f6d) \/ bl\u00e5b\u00e4r i choklad (marinbl\u00e5) \/ apelsinskal i choklad (svart).<\/p>\n<p>Allt f\u00f6rpackat i en snygg eko-kartong med f\u00f6nster.<\/p>\n<p>Ytterligare anpassningsm\u00f6jligheter:<br \/>tryck p\u00e5 muggen<br \/>f\u00f6retagslogotyp<br \/>band eller \u00e4rm med vintertema berikat med guldpr\u00e4gling<\/p>\n<p>Cupline<\/p>\n","protected":false},"excerpt":{"rendered":"<p>Setet inneh\u00e5ller:Fiord-mugg med m\u00f6jlighet till logotyptryck Divine Praliner:tranb\u00e4r i choklad (r\u00f6d) \/ bl\u00e5b\u00e4r i choklad (marinbl\u00e5) \/ apelsinskal i choklad (svart). Allt f\u00f6rpackat i en snygg eko-kartong med f\u00f6nster. Ytterligare anpassningsm\u00f6jligheter:tryck p\u00e5 muggenf\u00f6retagslogotypband eller \u00e4rm med vintertema berikat med guldpr\u00e4gling Cupline<\/p>\n","protected":false},"featured_media":0,"template":"","meta":{"_acf_changed":false,"_seopress_robots_primary_cat":"","_seopress_titles_title":"","_seopress_titles_desc":"","_seopress_robots_index":""},"product_brand":[],"product_cat":[15],"product_tag":[],"class_list":{"0":"post-381577","1":"product","2":"type-product","3":"status-publish","5":"product_cat-okategoriserad","6":"atta45_taxonomy-tema-inspiration-varumarken-cupline-sv","7":"atta45_taxonomy-tema-inspiration-ogonblick-jul-sv","8":"atta45_taxonomy-hem-hushall-muggar-sv","9":"atta45_taxonomy-muggar-muggar-sv","10":"atta45_taxonomy-nyheter-sv","12":"first","13":"instock","14":"taxable","15":"shipping-taxable","16":"purchasable","17":"product-type-variable"},"acf":[],"_links":{"self":[{"href":"https:\/\/www.atta45.se\/e-butik\/wp-json\/wp\/v2\/product\/381577","targetHints":{"allow":["GET"]}}],"collection":[{"href":"https:\/\/www.atta45.se\/e-butik\/wp-json\/wp\/v2\/product"}],"about":[{"href":"https:\/\/www.atta45.se\/e-butik\/wp-json\/wp\/v2\/types\/product"}],"wp:attachment":[{"href":"https:\/\/www.atta45.se\/e-butik\/wp-json\/wp\/v2\/media?parent=381577"}],"wp:term":[{"taxonomy":"product_brand","embeddable":true,"href":"https:\/\/www.atta45.se\/e-butik\/wp-json\/wp\/v2\/product_brand?post=381577"},{"taxonomy":"product_cat","embeddable":true,"href":"https:\/\/www.atta45.se\/e-butik\/wp-json\/wp\/v2\/product_cat?post=381577"},{"taxonomy":"product_tag","embeddable":true,"href":"https:\/\/www.atta45.se\/e-butik\/wp-json\/wp\/v2\/product_tag?post=381577"}],"curies":[{"name":"wp","href":"https:\/\/api.w.org\/{rel}","templated":true}]}}