{"id":381537,"date":"2025-09-12T20:35:14","date_gmt":"2025-09-12T18:35:14","guid":{"rendered":"https:\/\/www.atta45.se\/e-butik\/produkt\/resemugg-450-ml-atervunnet-rostfritt-stal-dubbelvagg-calo\/"},"modified":"2025-10-27T21:39:53","modified_gmt":"2025-10-27T20:39:53","slug":"resemugg-450-ml-atervunnet-rostfritt-stal-dubbelvagg-calo","status":"publish","type":"product","link":"https:\/\/www.atta45.se\/e-butik\/produkt\/resemugg-450-ml-atervunnet-rostfritt-stal-dubbelvagg-calo\/","title":{"rendered":"Resemugg (450 ml), \u00c5tervunnet rostfritt st\u00e5l, dubbelv\u00e4gg, Calo"},"content":{"rendered":"<p>Resemugg med dubbelv\u00e4gg i \u00e5tervunnet rostfritt st\u00e5l (450 ml). Insidan \u00e4r tillverkad av rostfritt st\u00e5l 304 och utsidan \u00e4r tillverkad av rostfritt st\u00e5l 201 med ett r\u00e4fflat grepp och robust handtag. Har ett AS-lock med skjutf\u00f6rslutning. Inkluderar en graverad \u00e5tervunnen logotyp p\u00e5 kroppen. Individuellt f\u00f6rpackad i en brun kartong.<\/p>\n","protected":false},"excerpt":{"rendered":"<p>Resemugg med dubbelv\u00e4gg i \u00e5tervunnet rostfritt st\u00e5l (450 ml). Insidan \u00e4r tillverkad av rostfritt st\u00e5l 304 och utsidan \u00e4r tillverkad av rostfritt st\u00e5l 201 med ett r\u00e4fflat grepp och robust handtag. Har ett AS-lock med skjutf\u00f6rslutning. Inkluderar en graverad \u00e5tervunnen logotyp p\u00e5 kroppen. Individuellt f\u00f6rpackad i en brun kartong.<\/p>\n","protected":false},"featured_media":381538,"template":"","meta":{"_acf_changed":false,"_seopress_robots_primary_cat":"","_seopress_titles_title":"","_seopress_titles_desc":"","_seopress_robots_index":""},"product_brand":[],"product_cat":[15],"product_tag":[],"class_list":{"0":"post-381537","1":"product","2":"type-product","3":"status-publish","4":"has-post-thumbnail","6":"product_cat-okategoriserad","7":"atta45_taxonomy-flaskor-sv","8":"atta45_taxonomy-tema-inspiration-utvalda-produkter-nyheter-sv","9":"atta45_taxonomy-nyheter-sv","10":"atta45_taxonomy-fritid-vattenflaskor-sv","12":"first","13":"instock","14":"taxable","15":"shipping-taxable","16":"purchasable","17":"product-type-variable"},"acf":[],"_links":{"self":[{"href":"https:\/\/www.atta45.se\/e-butik\/wp-json\/wp\/v2\/product\/381537","targetHints":{"allow":["GET"]}}],"collection":[{"href":"https:\/\/www.atta45.se\/e-butik\/wp-json\/wp\/v2\/product"}],"about":[{"href":"https:\/\/www.atta45.se\/e-butik\/wp-json\/wp\/v2\/types\/product"}],"wp:featuredmedia":[{"embeddable":true,"href":"https:\/\/www.atta45.se\/e-butik\/wp-json\/wp\/v2\/media\/381538"}],"wp:attachment":[{"href":"https:\/\/www.atta45.se\/e-butik\/wp-json\/wp\/v2\/media?parent=381537"}],"wp:term":[{"taxonomy":"product_brand","embeddable":true,"href":"https:\/\/www.atta45.se\/e-butik\/wp-json\/wp\/v2\/product_brand?post=381537"},{"taxonomy":"product_cat","embeddable":true,"href":"https:\/\/www.atta45.se\/e-butik\/wp-json\/wp\/v2\/product_cat?post=381537"},{"taxonomy":"product_tag","embeddable":true,"href":"https:\/\/www.atta45.se\/e-butik\/wp-json\/wp\/v2\/product_tag?post=381537"}],"curies":[{"name":"wp","href":"https:\/\/api.w.org\/{rel}","templated":true}]}}