{"id":381478,"date":"2025-09-05T22:46:14","date_gmt":"2025-09-05T20:46:14","guid":{"rendered":"https:\/\/www.atta45.se\/e-butik\/produkt\/dryckesflaska-500-ml-i-rostfritt-stal-med-dubbelvagg-omari\/"},"modified":"2025-10-27T21:56:19","modified_gmt":"2025-10-27T20:56:19","slug":"dryckesflaska-500-ml-i-rostfritt-stal-med-dubbelvagg-omari","status":"publish","type":"product","link":"https:\/\/www.atta45.se\/e-butik\/produkt\/dryckesflaska-500-ml-i-rostfritt-stal-med-dubbelvagg-omari\/","title":{"rendered":"Dryckesflaska (500 ml), i Rostfritt st\u00e5l, med dubbelv\u00e4gg, Omari"},"content":{"rendered":"<p>Dryckeslaska i rostfritt st\u00e5l (500 ml) i dubbelv\u00e4gg och med insida i rostfritt st\u00e5l 304 och utsida i rostfritt st\u00e5l 201. Levereras med tv\u00e5 lock: ett PP-lock med b\u00e4rhandtag och ett transparent PS-lock f\u00f6r anv\u00e4ndning med det medf\u00f6ljande sugr\u00f6ret i rostfritt st\u00e5l med silikontopp och h\u00e5llare. Individuellt f\u00f6rpackad i en brun kartong.<\/p>\n","protected":false},"excerpt":{"rendered":"<p>Dryckeslaska i rostfritt st\u00e5l (500 ml) i dubbelv\u00e4gg och med insida i rostfritt st\u00e5l 304 och utsida i rostfritt st\u00e5l 201. Levereras med tv\u00e5 lock: ett PP-lock med b\u00e4rhandtag och ett transparent PS-lock f\u00f6r anv\u00e4ndning med det medf\u00f6ljande sugr\u00f6ret i rostfritt st\u00e5l med silikontopp och h\u00e5llare. Individuellt f\u00f6rpackad i en brun kartong.<\/p>\n","protected":false},"featured_media":381479,"template":"","meta":{"_acf_changed":false,"_seopress_robots_primary_cat":"","_seopress_titles_title":"","_seopress_titles_desc":"","_seopress_robots_index":""},"product_brand":[],"product_cat":[15],"product_tag":[],"class_list":{"0":"post-381478","1":"product","2":"type-product","3":"status-publish","4":"has-post-thumbnail","6":"product_cat-okategoriserad","7":"atta45_taxonomy-flaskor-sv","8":"atta45_taxonomy-tema-inspiration-utvalda-produkter-nyheter-sv","9":"atta45_taxonomy-nyheter-sv","10":"atta45_taxonomy-fritid-vattenflaskor-sv","12":"first","13":"instock","14":"taxable","15":"shipping-taxable","16":"purchasable","17":"product-type-variable"},"acf":[],"_links":{"self":[{"href":"https:\/\/www.atta45.se\/e-butik\/wp-json\/wp\/v2\/product\/381478","targetHints":{"allow":["GET"]}}],"collection":[{"href":"https:\/\/www.atta45.se\/e-butik\/wp-json\/wp\/v2\/product"}],"about":[{"href":"https:\/\/www.atta45.se\/e-butik\/wp-json\/wp\/v2\/types\/product"}],"wp:featuredmedia":[{"embeddable":true,"href":"https:\/\/www.atta45.se\/e-butik\/wp-json\/wp\/v2\/media\/381479"}],"wp:attachment":[{"href":"https:\/\/www.atta45.se\/e-butik\/wp-json\/wp\/v2\/media?parent=381478"}],"wp:term":[{"taxonomy":"product_brand","embeddable":true,"href":"https:\/\/www.atta45.se\/e-butik\/wp-json\/wp\/v2\/product_brand?post=381478"},{"taxonomy":"product_cat","embeddable":true,"href":"https:\/\/www.atta45.se\/e-butik\/wp-json\/wp\/v2\/product_cat?post=381478"},{"taxonomy":"product_tag","embeddable":true,"href":"https:\/\/www.atta45.se\/e-butik\/wp-json\/wp\/v2\/product_tag?post=381478"}],"curies":[{"name":"wp","href":"https:\/\/api.w.org\/{rel}","templated":true}]}}