{"id":381452,"date":"2025-09-05T22:44:13","date_gmt":"2025-09-05T20:44:13","guid":{"rendered":"https:\/\/www.atta45.se\/e-butik\/produkt\/skrivset-bambu-zaid\/"},"modified":"2025-10-27T21:55:46","modified_gmt":"2025-10-27T20:55:46","slug":"skrivset-bambu-zaid","status":"publish","type":"product","link":"https:\/\/www.atta45.se\/e-butik\/produkt\/skrivset-bambu-zaid\/","title":{"rendered":"Skrivset, bambu, Zaid"},"content":{"rendered":"<p>Skrivset i bambu best\u00e5ende av en kulspetspenna i bambu och gummibelagd \u00e5tervunnen aluminium med bl\u00e5tt bl\u00e4ck. Med tryckknapp i bambu och spets i f\u00f6rkromad plast, samt en rektangul\u00e4r nyckelring i bambu och gummibelagd rostfri st\u00e5l. B\u00e5da artiklarna har en spegeleffekt efter lasergravering och har en logotyp i \u00e5tervunnen aluminium. F\u00f6rpackad i en kraftpappersl\u00e5da med sammetsinl\u00e4gg.<\/p>\n","protected":false},"excerpt":{"rendered":"<p>Skrivset i bambu best\u00e5ende av en kulspetspenna i bambu och gummibelagd \u00e5tervunnen aluminium med bl\u00e5tt bl\u00e4ck. Med tryckknapp i bambu och spets i f\u00f6rkromad plast, samt en rektangul\u00e4r nyckelring i bambu och gummibelagd rostfri st\u00e5l. B\u00e5da artiklarna har en spegeleffekt efter lasergravering och har en logotyp i \u00e5tervunnen aluminium. F\u00f6rpackad i en kraftpappersl\u00e5da med sammetsinl\u00e4gg.<\/p>\n","protected":false},"featured_media":381453,"template":"","meta":{"_acf_changed":false,"_seopress_robots_primary_cat":"","_seopress_titles_title":"","_seopress_titles_desc":"","_seopress_robots_index":""},"product_brand":[],"product_cat":[15],"product_tag":[],"class_list":{"0":"post-381452","1":"product","2":"type-product","3":"status-publish","4":"has-post-thumbnail","6":"product_cat-okategoriserad","7":"atta45_taxonomy-praktiska-ting-nyckelringar-med-lampor-sv","8":"atta45_taxonomy-praktiska-ting-nyckelringar-utan-lampor-sv","9":"atta45_taxonomy-nyheter-sv","10":"atta45_taxonomy-tema-inspiration-utvalda-produkter-nyheter-sv","11":"atta45_taxonomy-pennor-pennor-sv","12":"atta45_taxonomy-elektronik-kontor-pennor-sv","13":"atta45_taxonomy-pennor-sv","14":"atta45_taxonomy-pennor-pennset-sv","15":"atta45_taxonomy-pennor-rit-farglaggning-sv","17":"first","18":"instock","19":"taxable","20":"shipping-taxable","21":"purchasable","22":"product-type-variable"},"acf":[],"_links":{"self":[{"href":"https:\/\/www.atta45.se\/e-butik\/wp-json\/wp\/v2\/product\/381452","targetHints":{"allow":["GET"]}}],"collection":[{"href":"https:\/\/www.atta45.se\/e-butik\/wp-json\/wp\/v2\/product"}],"about":[{"href":"https:\/\/www.atta45.se\/e-butik\/wp-json\/wp\/v2\/types\/product"}],"wp:featuredmedia":[{"embeddable":true,"href":"https:\/\/www.atta45.se\/e-butik\/wp-json\/wp\/v2\/media\/381453"}],"wp:attachment":[{"href":"https:\/\/www.atta45.se\/e-butik\/wp-json\/wp\/v2\/media?parent=381452"}],"wp:term":[{"taxonomy":"product_brand","embeddable":true,"href":"https:\/\/www.atta45.se\/e-butik\/wp-json\/wp\/v2\/product_brand?post=381452"},{"taxonomy":"product_cat","embeddable":true,"href":"https:\/\/www.atta45.se\/e-butik\/wp-json\/wp\/v2\/product_cat?post=381452"},{"taxonomy":"product_tag","embeddable":true,"href":"https:\/\/www.atta45.se\/e-butik\/wp-json\/wp\/v2\/product_tag?post=381452"}],"curies":[{"name":"wp","href":"https:\/\/api.w.org\/{rel}","templated":true}]}}