{"id":381380,"date":"2025-09-05T22:40:14","date_gmt":"2025-09-05T20:40:14","guid":{"rendered":"https:\/\/www.atta45.se\/e-butik\/produkt\/anteckningsblock-i-atervunnet-pu-a5-och-kulspetspenna-tarek\/"},"modified":"2025-10-27T21:54:06","modified_gmt":"2025-10-27T20:54:06","slug":"anteckningsblock-i-atervunnet-pu-a5-och-kulspetspenna-tarek","status":"publish","type":"product","link":"https:\/\/www.atta45.se\/e-butik\/produkt\/anteckningsblock-i-atervunnet-pu-a5-och-kulspetspenna-tarek\/","title":{"rendered":"Anteckningsblock i \u00e5tervunnet PU (A5) och kulspetspenna, Tarek"},"content":{"rendered":"<p>Set med anteckningsblock i \u00e5tervunnet PU (A5) och kulspetspenna best\u00e5ende av ett anteckningsblock med 100 linjerade sidor 80 g\/m\u00b2 papper och en kulspetspenna i \u00e5tervunnet aluminium med gummerad yta. Anteckningsblocket har ett bokm\u00e4rke i band och ett omslag i manchesterliknande stil p\u00e5 fram- och baksidan, med en pr\u00e4glad \u00e5tervunnen logotyp p\u00e5 baksidan. Kulspetspennan har randigt grepp och detaljer p\u00e5 ovansidan, en f\u00f6rkromad plastspets, tryckknapp, metallkl\u00e4mma och en lasergraverad \u00e5tervunnen logotyp. F\u00f6rpackad i en kraftig brun kartong med EVA-inl\u00e4gg f\u00f6r kulspetspennan. Bl\u00e5tt bl\u00e4ck.<\/p>\n","protected":false},"excerpt":{"rendered":"<p>Set med anteckningsblock i \u00e5tervunnet PU (A5) och kulspetspenna best\u00e5ende av ett anteckningsblock med 100 linjerade sidor 80 g\/m\u00b2 papper och en kulspetspenna i \u00e5tervunnet aluminium med gummerad yta. Anteckningsblocket har ett bokm\u00e4rke i band och ett omslag i manchesterliknande stil p\u00e5 fram- och baksidan, med en pr\u00e4glad \u00e5tervunnen logotyp p\u00e5 baksidan. Kulspetspennan har randigt [&hellip;]<\/p>\n","protected":false},"featured_media":381381,"template":"","meta":{"_acf_changed":false,"_seopress_robots_primary_cat":"","_seopress_titles_title":"","_seopress_titles_desc":"","_seopress_robots_index":""},"product_brand":[],"product_cat":[15],"product_tag":[],"class_list":{"0":"post-381380","1":"product","2":"type-product","3":"status-publish","4":"has-post-thumbnail","6":"product_cat-okategoriserad","7":"atta45_taxonomy-elektronik-kontor-anteckningsbocker-sv","8":"atta45_taxonomy-elektronik-kontor-kontorsartiklar-sv","9":"atta45_taxonomy-elektronik-kontor-memohallare-sv","10":"atta45_taxonomy-nyheter-sv","11":"atta45_taxonomy-tema-inspiration-utvalda-produkter-nyheter-sv","12":"atta45_taxonomy-pennor-sv","13":"atta45_taxonomy-pennor-pennor-sv","14":"atta45_taxonomy-elektronik-kontor-pennor-sv","16":"first","17":"instock","18":"taxable","19":"shipping-taxable","20":"purchasable","21":"product-type-variable"},"acf":[],"_links":{"self":[{"href":"https:\/\/www.atta45.se\/e-butik\/wp-json\/wp\/v2\/product\/381380","targetHints":{"allow":["GET"]}}],"collection":[{"href":"https:\/\/www.atta45.se\/e-butik\/wp-json\/wp\/v2\/product"}],"about":[{"href":"https:\/\/www.atta45.se\/e-butik\/wp-json\/wp\/v2\/types\/product"}],"wp:featuredmedia":[{"embeddable":true,"href":"https:\/\/www.atta45.se\/e-butik\/wp-json\/wp\/v2\/media\/381381"}],"wp:attachment":[{"href":"https:\/\/www.atta45.se\/e-butik\/wp-json\/wp\/v2\/media?parent=381380"}],"wp:term":[{"taxonomy":"product_brand","embeddable":true,"href":"https:\/\/www.atta45.se\/e-butik\/wp-json\/wp\/v2\/product_brand?post=381380"},{"taxonomy":"product_cat","embeddable":true,"href":"https:\/\/www.atta45.se\/e-butik\/wp-json\/wp\/v2\/product_cat?post=381380"},{"taxonomy":"product_tag","embeddable":true,"href":"https:\/\/www.atta45.se\/e-butik\/wp-json\/wp\/v2\/product_tag?post=381380"}],"curies":[{"name":"wp","href":"https:\/\/api.w.org\/{rel}","templated":true}]}}