{"id":381356,"date":"2025-09-05T22:39:15","date_gmt":"2025-09-05T20:39:15","guid":{"rendered":"https:\/\/www.atta45.se\/e-butik\/produkt\/kulspetspenna-atervunnen-aluminium-mael\/"},"modified":"2025-10-27T21:53:52","modified_gmt":"2025-10-27T20:53:52","slug":"kulspetspenna-atervunnen-aluminium-mael","status":"publish","type":"product","link":"https:\/\/www.atta45.se\/e-butik\/produkt\/kulspetspenna-atervunnen-aluminium-mael\/","title":{"rendered":"Kulspetspenna, \u00c5tervunnen aluminium, Mael"},"content":{"rendered":"<p>Kulspetspenna i \u00e5tervunnen aluminium med gummerad yta. Randiga detaljer p\u00e5 greppet och ovansidan, f\u00f6rkromad plastspets och tryckknapp med metallkl\u00e4mma. Inkluderar en lasergraverad logotyp i \u00e5tervunnen aluminium. Bl\u00e5tt bl\u00e4ck.<\/p>\n","protected":false},"excerpt":{"rendered":"<p>Kulspetspenna i \u00e5tervunnen aluminium med gummerad yta. Randiga detaljer p\u00e5 greppet och ovansidan, f\u00f6rkromad plastspets och tryckknapp med metallkl\u00e4mma. Inkluderar en lasergraverad logotyp i \u00e5tervunnen aluminium. Bl\u00e5tt bl\u00e4ck.<\/p>\n","protected":false},"featured_media":381357,"template":"","meta":{"_acf_changed":false,"_seopress_robots_primary_cat":"","_seopress_titles_title":"","_seopress_titles_desc":"","_seopress_robots_index":""},"product_brand":[],"product_cat":[15],"product_tag":[],"class_list":{"0":"post-381356","1":"product","2":"type-product","3":"status-publish","4":"has-post-thumbnail","6":"product_cat-okategoriserad","7":"atta45_taxonomy-nyheter-sv","8":"atta45_taxonomy-tema-inspiration-utvalda-produkter-nyheter-sv","9":"atta45_taxonomy-pennor-pennor-sv","10":"atta45_taxonomy-elektronik-kontor-pennor-sv","11":"atta45_taxonomy-pennor-sv","13":"first","14":"instock","15":"taxable","16":"shipping-taxable","17":"purchasable","18":"product-type-variable"},"acf":[],"_links":{"self":[{"href":"https:\/\/www.atta45.se\/e-butik\/wp-json\/wp\/v2\/product\/381356","targetHints":{"allow":["GET"]}}],"collection":[{"href":"https:\/\/www.atta45.se\/e-butik\/wp-json\/wp\/v2\/product"}],"about":[{"href":"https:\/\/www.atta45.se\/e-butik\/wp-json\/wp\/v2\/types\/product"}],"wp:featuredmedia":[{"embeddable":true,"href":"https:\/\/www.atta45.se\/e-butik\/wp-json\/wp\/v2\/media\/381357"}],"wp:attachment":[{"href":"https:\/\/www.atta45.se\/e-butik\/wp-json\/wp\/v2\/media?parent=381356"}],"wp:term":[{"taxonomy":"product_brand","embeddable":true,"href":"https:\/\/www.atta45.se\/e-butik\/wp-json\/wp\/v2\/product_brand?post=381356"},{"taxonomy":"product_cat","embeddable":true,"href":"https:\/\/www.atta45.se\/e-butik\/wp-json\/wp\/v2\/product_cat?post=381356"},{"taxonomy":"product_tag","embeddable":true,"href":"https:\/\/www.atta45.se\/e-butik\/wp-json\/wp\/v2\/product_tag?post=381356"}],"curies":[{"name":"wp","href":"https:\/\/api.w.org\/{rel}","templated":true}]}}