{"id":381324,"date":"2025-09-05T22:37:14","date_gmt":"2025-09-05T20:37:14","guid":{"rendered":"https:\/\/www.atta45.se\/e-butik\/produkt\/anteckningsbok-a5-atervunnet-pu-elian\/"},"modified":"2025-10-27T21:53:36","modified_gmt":"2025-10-27T20:53:36","slug":"anteckningsbok-a5-atervunnet-pu-elian","status":"publish","type":"product","link":"https:\/\/www.atta45.se\/e-butik\/produkt\/anteckningsbok-a5-atervunnet-pu-elian\/","title":{"rendered":"Anteckningsbok (A5), \u00c5tervunnet PU, Elian"},"content":{"rendered":"<p>Anteckningsbok i \u00e5tervunnet PU (ca A5) med h\u00e5rt omslag och manchestereffekt p\u00e5 fram- och baksidan. Inneh\u00e5ller ett bokm\u00e4rke med band och 100 linjerade sidor (80 g\/m\u00b2). Har en pr\u00e4glad \u00e5tervunnen logotyp p\u00e5 baksidan.<\/p>\n","protected":false},"excerpt":{"rendered":"<p>Anteckningsbok i \u00e5tervunnet PU (ca A5) med h\u00e5rt omslag och manchestereffekt p\u00e5 fram- och baksidan. Inneh\u00e5ller ett bokm\u00e4rke med band och 100 linjerade sidor (80 g\/m\u00b2). Har en pr\u00e4glad \u00e5tervunnen logotyp p\u00e5 baksidan.<\/p>\n","protected":false},"featured_media":381325,"template":"","meta":{"_acf_changed":false,"_seopress_robots_primary_cat":"","_seopress_titles_title":"","_seopress_titles_desc":"","_seopress_robots_index":""},"product_brand":[],"product_cat":[15],"product_tag":[],"class_list":{"0":"post-381324","1":"product","2":"type-product","3":"status-publish","4":"has-post-thumbnail","6":"product_cat-okategoriserad","7":"atta45_taxonomy-elektronik-kontor-anteckningsbocker-sv","8":"atta45_taxonomy-elektronik-kontor-kontorsartiklar-sv","9":"atta45_taxonomy-elektronik-kontor-memohallare-sv","10":"atta45_taxonomy-nyheter-sv","11":"atta45_taxonomy-tema-inspiration-utvalda-produkter-nyheter-sv","13":"first","14":"instock","15":"taxable","16":"shipping-taxable","17":"purchasable","18":"product-type-variable"},"acf":[],"_links":{"self":[{"href":"https:\/\/www.atta45.se\/e-butik\/wp-json\/wp\/v2\/product\/381324","targetHints":{"allow":["GET"]}}],"collection":[{"href":"https:\/\/www.atta45.se\/e-butik\/wp-json\/wp\/v2\/product"}],"about":[{"href":"https:\/\/www.atta45.se\/e-butik\/wp-json\/wp\/v2\/types\/product"}],"wp:featuredmedia":[{"embeddable":true,"href":"https:\/\/www.atta45.se\/e-butik\/wp-json\/wp\/v2\/media\/381325"}],"wp:attachment":[{"href":"https:\/\/www.atta45.se\/e-butik\/wp-json\/wp\/v2\/media?parent=381324"}],"wp:term":[{"taxonomy":"product_brand","embeddable":true,"href":"https:\/\/www.atta45.se\/e-butik\/wp-json\/wp\/v2\/product_brand?post=381324"},{"taxonomy":"product_cat","embeddable":true,"href":"https:\/\/www.atta45.se\/e-butik\/wp-json\/wp\/v2\/product_cat?post=381324"},{"taxonomy":"product_tag","embeddable":true,"href":"https:\/\/www.atta45.se\/e-butik\/wp-json\/wp\/v2\/product_tag?post=381324"}],"curies":[{"name":"wp","href":"https:\/\/api.w.org\/{rel}","templated":true}]}}