{"id":381300,"date":"2025-09-05T22:35:14","date_gmt":"2025-09-05T20:35:14","guid":{"rendered":"https:\/\/www.atta45.se\/e-butik\/produkt\/gavo-set-till-kontoret-roan\/"},"modified":"2025-10-27T21:53:23","modified_gmt":"2025-10-27T20:53:23","slug":"gavo-set-till-kontoret-roan","status":"publish","type":"product","link":"https:\/\/www.atta45.se\/e-butik\/produkt\/gavo-set-till-kontoret-roan\/","title":{"rendered":"G\u00e5vo-set till kontoret, Roan"},"content":{"rendered":"<p>Presentset i kartong best\u00e5ende av en kulspetspenna i \u00e5tervunnen aluminium med bl\u00e5tt bl\u00e4ck och en anteckningsbok i \u00e5tervunnet PU med 80 ark (70 gsm) linjerat papper. Anteckningsboken har ett bokm\u00e4rke med band och magnetisk metallf\u00f6rslutning med gravyrplatta i metall. B\u00e5da artiklarna har en \u00e5tervunnen logotyp: pr\u00e4glad p\u00e5 anteckningsboken och graverad p\u00e5 pennan.<\/p>\n","protected":false},"excerpt":{"rendered":"<p>Presentset i kartong best\u00e5ende av en kulspetspenna i \u00e5tervunnen aluminium med bl\u00e5tt bl\u00e4ck och en anteckningsbok i \u00e5tervunnet PU med 80 ark (70 gsm) linjerat papper. Anteckningsboken har ett bokm\u00e4rke med band och magnetisk metallf\u00f6rslutning med gravyrplatta i metall. B\u00e5da artiklarna har en \u00e5tervunnen logotyp: pr\u00e4glad p\u00e5 anteckningsboken och graverad p\u00e5 pennan.<\/p>\n","protected":false},"featured_media":381301,"template":"","meta":{"_acf_changed":false,"_seopress_robots_primary_cat":"","_seopress_titles_title":"","_seopress_titles_desc":"","_seopress_robots_index":""},"product_brand":[],"product_cat":[15],"product_tag":[],"class_list":{"0":"post-381300","1":"product","2":"type-product","3":"status-publish","4":"has-post-thumbnail","6":"product_cat-okategoriserad","7":"atta45_taxonomy-elektronik-kontor-anteckningsbocker-sv","8":"atta45_taxonomy-elektronik-kontor-kontorsartiklar-sv","9":"atta45_taxonomy-elektronik-kontor-memohallare-sv","10":"atta45_taxonomy-tema-inspiration-utvalda-produkter-nyheter-sv","11":"atta45_taxonomy-nyheter-sv","12":"atta45_taxonomy-pennor-sv","13":"atta45_taxonomy-pennor-pennor-sv","14":"atta45_taxonomy-elektronik-kontor-pennor-sv","16":"first","17":"instock","18":"taxable","19":"shipping-taxable","20":"purchasable","21":"product-type-variable"},"acf":[],"_links":{"self":[{"href":"https:\/\/www.atta45.se\/e-butik\/wp-json\/wp\/v2\/product\/381300","targetHints":{"allow":["GET"]}}],"collection":[{"href":"https:\/\/www.atta45.se\/e-butik\/wp-json\/wp\/v2\/product"}],"about":[{"href":"https:\/\/www.atta45.se\/e-butik\/wp-json\/wp\/v2\/types\/product"}],"wp:featuredmedia":[{"embeddable":true,"href":"https:\/\/www.atta45.se\/e-butik\/wp-json\/wp\/v2\/media\/381301"}],"wp:attachment":[{"href":"https:\/\/www.atta45.se\/e-butik\/wp-json\/wp\/v2\/media?parent=381300"}],"wp:term":[{"taxonomy":"product_brand","embeddable":true,"href":"https:\/\/www.atta45.se\/e-butik\/wp-json\/wp\/v2\/product_brand?post=381300"},{"taxonomy":"product_cat","embeddable":true,"href":"https:\/\/www.atta45.se\/e-butik\/wp-json\/wp\/v2\/product_cat?post=381300"},{"taxonomy":"product_tag","embeddable":true,"href":"https:\/\/www.atta45.se\/e-butik\/wp-json\/wp\/v2\/product_tag?post=381300"}],"curies":[{"name":"wp","href":"https:\/\/api.w.org\/{rel}","templated":true}]}}