{"id":381280,"date":"2025-09-05T22:32:14","date_gmt":"2025-09-05T20:32:14","guid":{"rendered":"https:\/\/www.atta45.se\/e-butik\/produkt\/kontors-set-i-presentforpackning-erren\/"},"modified":"2025-10-27T21:53:09","modified_gmt":"2025-10-27T20:53:09","slug":"kontors-set-i-presentforpackning-erren","status":"publish","type":"product","link":"https:\/\/www.atta45.se\/e-butik\/produkt\/kontors-set-i-presentforpackning-erren\/","title":{"rendered":"Kontors-set i presentf\u00f6rpackning, Erren"},"content":{"rendered":"<p>Presentset i kartong best\u00e5ende av en dubbelv\u00e4ggig dricksflaska i \u00e5tervunnet rostfritt st\u00e5l (inuti och utv\u00e4ndigt 304) med silikonhandtag, en kulspetspenna i \u00e5tervunnet aluminium med bl\u00e5tt bl\u00e4ck och en anteckningsbok i \u00e5tervunnet PU med 80 ark linjerat papper, 70 g\/m\u00b2. Anteckningsboken har ett bandbokm\u00e4rke och en magnetisk metallf\u00f6rslutning med gravyrplatta i metall. Alla artiklar har en \u00e5tervunnen logotyp: graverad p\u00e5 flaskan och pennan och pr\u00e4glad p\u00e5 anteckningsboken.<\/p>\n","protected":false},"excerpt":{"rendered":"<p>Presentset i kartong best\u00e5ende av en dubbelv\u00e4ggig dricksflaska i \u00e5tervunnet rostfritt st\u00e5l (inuti och utv\u00e4ndigt 304) med silikonhandtag, en kulspetspenna i \u00e5tervunnet aluminium med bl\u00e5tt bl\u00e4ck och en anteckningsbok i \u00e5tervunnet PU med 80 ark linjerat papper, 70 g\/m\u00b2. Anteckningsboken har ett bandbokm\u00e4rke och en magnetisk metallf\u00f6rslutning med gravyrplatta i metall. Alla artiklar har en [&hellip;]<\/p>\n","protected":false},"featured_media":381281,"template":"","meta":{"_acf_changed":false,"_seopress_robots_primary_cat":"","_seopress_titles_title":"","_seopress_titles_desc":"","_seopress_robots_index":""},"product_brand":[],"product_cat":[15],"product_tag":[],"class_list":{"0":"post-381280","1":"product","2":"type-product","3":"status-publish","4":"has-post-thumbnail","6":"product_cat-okategoriserad","7":"atta45_taxonomy-elektronik-kontor-anteckningsbocker-sv","8":"atta45_taxonomy-flaskor-sv","9":"atta45_taxonomy-elektronik-kontor-kontorsartiklar-sv","10":"atta45_taxonomy-elektronik-kontor-memohallare-sv","11":"atta45_taxonomy-nyheter-sv","12":"atta45_taxonomy-tema-inspiration-utvalda-produkter-nyheter-sv","13":"atta45_taxonomy-pennor-pennor-sv","14":"atta45_taxonomy-pennor-sv","15":"atta45_taxonomy-elektronik-kontor-pennor-sv","16":"atta45_taxonomy-fritid-vattenflaskor-sv","18":"first","19":"instock","20":"taxable","21":"shipping-taxable","22":"purchasable","23":"product-type-variable"},"acf":[],"_links":{"self":[{"href":"https:\/\/www.atta45.se\/e-butik\/wp-json\/wp\/v2\/product\/381280","targetHints":{"allow":["GET"]}}],"collection":[{"href":"https:\/\/www.atta45.se\/e-butik\/wp-json\/wp\/v2\/product"}],"about":[{"href":"https:\/\/www.atta45.se\/e-butik\/wp-json\/wp\/v2\/types\/product"}],"wp:featuredmedia":[{"embeddable":true,"href":"https:\/\/www.atta45.se\/e-butik\/wp-json\/wp\/v2\/media\/381281"}],"wp:attachment":[{"href":"https:\/\/www.atta45.se\/e-butik\/wp-json\/wp\/v2\/media?parent=381280"}],"wp:term":[{"taxonomy":"product_brand","embeddable":true,"href":"https:\/\/www.atta45.se\/e-butik\/wp-json\/wp\/v2\/product_brand?post=381280"},{"taxonomy":"product_cat","embeddable":true,"href":"https:\/\/www.atta45.se\/e-butik\/wp-json\/wp\/v2\/product_cat?post=381280"},{"taxonomy":"product_tag","embeddable":true,"href":"https:\/\/www.atta45.se\/e-butik\/wp-json\/wp\/v2\/product_tag?post=381280"}],"curies":[{"name":"wp","href":"https:\/\/api.w.org\/{rel}","templated":true}]}}