{"id":381262,"date":"2025-09-05T22:30:15","date_gmt":"2025-09-05T20:30:15","guid":{"rendered":"https:\/\/www.atta45.se\/e-butik\/produkt\/anteckningsbok-a5-rpet-ilias\/"},"modified":"2025-10-27T21:52:53","modified_gmt":"2025-10-27T20:52:53","slug":"anteckningsbok-a5-rpet-ilias","status":"publish","type":"product","link":"https:\/\/www.atta45.se\/e-butik\/produkt\/anteckningsbok-a5-rpet-ilias\/","title":{"rendered":"Anteckningsbok (A5), rPET, Ilias"},"content":{"rendered":"<p>rPET-anteckningsbok (ca A5) med h\u00e5rt omslag och elastiskt band. Har en vit kartongspiral (15-ringad), bandbokm\u00e4rke och 80 ark (70 gsm) med linjerat papper. Inkluderar en rPET-logotyp p\u00e5 baksidan. F\u00f6rpackad i silkespapper, ingen plastp\u00e5se.<\/p>\n","protected":false},"excerpt":{"rendered":"<p>rPET-anteckningsbok (ca A5) med h\u00e5rt omslag och elastiskt band. Har en vit kartongspiral (15-ringad), bandbokm\u00e4rke och 80 ark (70 gsm) med linjerat papper. Inkluderar en rPET-logotyp p\u00e5 baksidan. F\u00f6rpackad i silkespapper, ingen plastp\u00e5se.<\/p>\n","protected":false},"featured_media":381263,"template":"","meta":{"_acf_changed":false,"_seopress_robots_primary_cat":"","_seopress_titles_title":"","_seopress_titles_desc":"","_seopress_robots_index":""},"product_brand":[],"product_cat":[15],"product_tag":[],"class_list":{"0":"post-381262","1":"product","2":"type-product","3":"status-publish","4":"has-post-thumbnail","6":"product_cat-okategoriserad","7":"atta45_taxonomy-elektronik-kontor-anteckningsbocker-sv","8":"atta45_taxonomy-elektronik-kontor-kontorsartiklar-sv","9":"atta45_taxonomy-elektronik-kontor-memohallare-sv","10":"atta45_taxonomy-nyheter-sv","11":"atta45_taxonomy-tema-inspiration-utvalda-produkter-nyheter-sv","13":"first","14":"instock","15":"taxable","16":"shipping-taxable","17":"purchasable","18":"product-type-variable"},"acf":[],"_links":{"self":[{"href":"https:\/\/www.atta45.se\/e-butik\/wp-json\/wp\/v2\/product\/381262","targetHints":{"allow":["GET"]}}],"collection":[{"href":"https:\/\/www.atta45.se\/e-butik\/wp-json\/wp\/v2\/product"}],"about":[{"href":"https:\/\/www.atta45.se\/e-butik\/wp-json\/wp\/v2\/types\/product"}],"wp:featuredmedia":[{"embeddable":true,"href":"https:\/\/www.atta45.se\/e-butik\/wp-json\/wp\/v2\/media\/381263"}],"wp:attachment":[{"href":"https:\/\/www.atta45.se\/e-butik\/wp-json\/wp\/v2\/media?parent=381262"}],"wp:term":[{"taxonomy":"product_brand","embeddable":true,"href":"https:\/\/www.atta45.se\/e-butik\/wp-json\/wp\/v2\/product_brand?post=381262"},{"taxonomy":"product_cat","embeddable":true,"href":"https:\/\/www.atta45.se\/e-butik\/wp-json\/wp\/v2\/product_cat?post=381262"},{"taxonomy":"product_tag","embeddable":true,"href":"https:\/\/www.atta45.se\/e-butik\/wp-json\/wp\/v2\/product_tag?post=381262"}],"curies":[{"name":"wp","href":"https:\/\/api.w.org\/{rel}","templated":true}]}}