{"id":381236,"date":"2025-09-05T22:28:14","date_gmt":"2025-09-05T20:28:14","guid":{"rendered":"https:\/\/www.atta45.se\/e-butik\/produkt\/anteckningsbok-a5-atervunnen-filt-dario\/"},"modified":"2025-10-27T21:52:39","modified_gmt":"2025-10-27T20:52:39","slug":"anteckningsbok-a5-atervunnen-filt-dario","status":"publish","type":"product","link":"https:\/\/www.atta45.se\/e-butik\/produkt\/anteckningsbok-a5-atervunnen-filt-dario\/","title":{"rendered":"Anteckningsbok (A5), \u00c5tervunnen filt, Dario"},"content":{"rendered":"<p>Anteckningsbok i \u00e5tervunnen filt (ca A5) med mjukt 1 mm h\u00e5rt omslag, res\u00e5rband och PU-st\u00e4ngningsrem p\u00e5 utsidan. Inkluderar ett bokm\u00e4rke med band och 80 ark (70 gsm) med linjerat papper. Har en lasergraverad logotyp av \u00e5tervunnet papper p\u00e5 baksidan.<\/p>\n","protected":false},"excerpt":{"rendered":"<p>Anteckningsbok i \u00e5tervunnen filt (ca A5) med mjukt 1 mm h\u00e5rt omslag, res\u00e5rband och PU-st\u00e4ngningsrem p\u00e5 utsidan. Inkluderar ett bokm\u00e4rke med band och 80 ark (70 gsm) med linjerat papper. Har en lasergraverad logotyp av \u00e5tervunnet papper p\u00e5 baksidan.<\/p>\n","protected":false},"featured_media":381237,"template":"","meta":{"_acf_changed":false,"_seopress_robots_primary_cat":"","_seopress_titles_title":"","_seopress_titles_desc":"","_seopress_robots_index":""},"product_brand":[],"product_cat":[15],"product_tag":[],"class_list":{"0":"post-381236","1":"product","2":"type-product","3":"status-publish","4":"has-post-thumbnail","6":"product_cat-okategoriserad","7":"atta45_taxonomy-elektronik-kontor-anteckningsbocker-sv","8":"atta45_taxonomy-elektronik-kontor-kontorsartiklar-sv","9":"atta45_taxonomy-elektronik-kontor-memohallare-sv","10":"atta45_taxonomy-nyheter-sv","11":"atta45_taxonomy-tema-inspiration-utvalda-produkter-nyheter-sv","13":"first","14":"instock","15":"taxable","16":"shipping-taxable","17":"purchasable","18":"product-type-variable"},"acf":[],"_links":{"self":[{"href":"https:\/\/www.atta45.se\/e-butik\/wp-json\/wp\/v2\/product\/381236","targetHints":{"allow":["GET"]}}],"collection":[{"href":"https:\/\/www.atta45.se\/e-butik\/wp-json\/wp\/v2\/product"}],"about":[{"href":"https:\/\/www.atta45.se\/e-butik\/wp-json\/wp\/v2\/types\/product"}],"wp:featuredmedia":[{"embeddable":true,"href":"https:\/\/www.atta45.se\/e-butik\/wp-json\/wp\/v2\/media\/381237"}],"wp:attachment":[{"href":"https:\/\/www.atta45.se\/e-butik\/wp-json\/wp\/v2\/media?parent=381236"}],"wp:term":[{"taxonomy":"product_brand","embeddable":true,"href":"https:\/\/www.atta45.se\/e-butik\/wp-json\/wp\/v2\/product_brand?post=381236"},{"taxonomy":"product_cat","embeddable":true,"href":"https:\/\/www.atta45.se\/e-butik\/wp-json\/wp\/v2\/product_cat?post=381236"},{"taxonomy":"product_tag","embeddable":true,"href":"https:\/\/www.atta45.se\/e-butik\/wp-json\/wp\/v2\/product_tag?post=381236"}],"curies":[{"name":"wp","href":"https:\/\/api.w.org\/{rel}","templated":true}]}}