{"id":381208,"date":"2025-09-05T22:25:12","date_gmt":"2025-09-05T20:25:12","guid":{"rendered":"https:\/\/www.atta45.se\/e-butik\/produkt\/dryckesflaska-500-ml-rostfritt-stal-dubbelvagg-zev\/"},"modified":"2025-10-27T21:52:00","modified_gmt":"2025-10-27T20:52:00","slug":"dryckesflaska-500-ml-rostfritt-stal-dubbelvagg-zev","status":"publish","type":"product","link":"https:\/\/www.atta45.se\/e-butik\/produkt\/dryckesflaska-500-ml-rostfritt-stal-dubbelvagg-zev\/","title":{"rendered":"Dryckesflaska (500 ml), Rostfritt st\u00e5l, dubbelv\u00e4gg, Zev"},"content":{"rendered":"<p>Dryckesflaska med dubbelv\u00e4gg, av rostfritt st\u00e5l (500 ml) med insida i rostfritt st\u00e5l 304 och utsida i rostfritt st\u00e5l 201. Har ett skruvlock i PP med transparent AS-fack, utbytbara handleds- och b\u00e4rremmar i polyester samt en 200 ml PP-dricksmugg i botten. Silverf\u00e4rgad kropp med matta detaljer i f\u00e4rgerna. Individuellt f\u00f6rpackad i en brun kartong.<\/p>\n","protected":false},"excerpt":{"rendered":"<p>Dryckesflaska med dubbelv\u00e4gg, av rostfritt st\u00e5l (500 ml) med insida i rostfritt st\u00e5l 304 och utsida i rostfritt st\u00e5l 201. Har ett skruvlock i PP med transparent AS-fack, utbytbara handleds- och b\u00e4rremmar i polyester samt en 200 ml PP-dricksmugg i botten. Silverf\u00e4rgad kropp med matta detaljer i f\u00e4rgerna. Individuellt f\u00f6rpackad i en brun kartong.<\/p>\n","protected":false},"featured_media":381209,"template":"","meta":{"_acf_changed":false,"_seopress_robots_primary_cat":"","_seopress_titles_title":"","_seopress_titles_desc":"","_seopress_robots_index":""},"product_brand":[],"product_cat":[15],"product_tag":[],"class_list":{"0":"post-381208","1":"product","2":"type-product","3":"status-publish","4":"has-post-thumbnail","6":"product_cat-okategoriserad","7":"atta45_taxonomy-flaskor-sv","8":"atta45_taxonomy-tema-inspiration-utvalda-produkter-nyheter-sv","9":"atta45_taxonomy-nyheter-sv","10":"atta45_taxonomy-fritid-vattenflaskor-sv","12":"first","13":"instock","14":"taxable","15":"shipping-taxable","16":"purchasable","17":"product-type-variable"},"acf":[],"_links":{"self":[{"href":"https:\/\/www.atta45.se\/e-butik\/wp-json\/wp\/v2\/product\/381208","targetHints":{"allow":["GET"]}}],"collection":[{"href":"https:\/\/www.atta45.se\/e-butik\/wp-json\/wp\/v2\/product"}],"about":[{"href":"https:\/\/www.atta45.se\/e-butik\/wp-json\/wp\/v2\/types\/product"}],"wp:featuredmedia":[{"embeddable":true,"href":"https:\/\/www.atta45.se\/e-butik\/wp-json\/wp\/v2\/media\/381209"}],"wp:attachment":[{"href":"https:\/\/www.atta45.se\/e-butik\/wp-json\/wp\/v2\/media?parent=381208"}],"wp:term":[{"taxonomy":"product_brand","embeddable":true,"href":"https:\/\/www.atta45.se\/e-butik\/wp-json\/wp\/v2\/product_brand?post=381208"},{"taxonomy":"product_cat","embeddable":true,"href":"https:\/\/www.atta45.se\/e-butik\/wp-json\/wp\/v2\/product_cat?post=381208"},{"taxonomy":"product_tag","embeddable":true,"href":"https:\/\/www.atta45.se\/e-butik\/wp-json\/wp\/v2\/product_tag?post=381208"}],"curies":[{"name":"wp","href":"https:\/\/api.w.org\/{rel}","templated":true}]}}