{"id":381186,"date":"2025-09-05T22:24:14","date_gmt":"2025-09-05T20:24:14","guid":{"rendered":"https:\/\/www.atta45.se\/e-butik\/produkt\/led-ljus-pp-serin\/"},"modified":"2025-10-27T21:51:48","modified_gmt":"2025-10-27T20:51:48","slug":"led-ljus-pp-serin","status":"publish","type":"product","link":"https:\/\/www.atta45.se\/e-butik\/produkt\/led-ljus-pp-serin\/","title":{"rendered":"LED-ljus, PP, Serin"},"content":{"rendered":"<p>LED-vaxljus i PP i glash\u00e5llare med realistisk flameffekt. Inkluderar batteri och erbjuder cirka 100 timmars brinntid. Utformad f\u00f6r inomhusbruk. Individuellt f\u00f6rpackad i en brun kartong.<\/p>\n","protected":false},"excerpt":{"rendered":"<p>LED-vaxljus i PP i glash\u00e5llare med realistisk flameffekt. Inkluderar batteri och erbjuder cirka 100 timmars brinntid. Utformad f\u00f6r inomhusbruk. Individuellt f\u00f6rpackad i en brun kartong.<\/p>\n","protected":false},"featured_media":381187,"template":"","meta":{"_acf_changed":false,"_seopress_robots_primary_cat":"","_seopress_titles_title":"","_seopress_titles_desc":"","_seopress_robots_index":""},"product_brand":[],"product_cat":[15],"product_tag":[],"class_list":{"0":"post-381186","1":"product","2":"type-product","3":"status-publish","4":"has-post-thumbnail","6":"product_cat-okategoriserad","7":"atta45_taxonomy-hem-hushall-sv","8":"atta45_taxonomy-hem-hushall-ljus-doftset-sv","9":"atta45_taxonomy-nyheter-sv","10":"atta45_taxonomy-tema-inspiration-utvalda-produkter-nyheter-sv","12":"first","13":"instock","14":"taxable","15":"shipping-taxable","16":"purchasable","17":"product-type-variable"},"acf":[],"_links":{"self":[{"href":"https:\/\/www.atta45.se\/e-butik\/wp-json\/wp\/v2\/product\/381186","targetHints":{"allow":["GET"]}}],"collection":[{"href":"https:\/\/www.atta45.se\/e-butik\/wp-json\/wp\/v2\/product"}],"about":[{"href":"https:\/\/www.atta45.se\/e-butik\/wp-json\/wp\/v2\/types\/product"}],"wp:featuredmedia":[{"embeddable":true,"href":"https:\/\/www.atta45.se\/e-butik\/wp-json\/wp\/v2\/media\/381187"}],"wp:attachment":[{"href":"https:\/\/www.atta45.se\/e-butik\/wp-json\/wp\/v2\/media?parent=381186"}],"wp:term":[{"taxonomy":"product_brand","embeddable":true,"href":"https:\/\/www.atta45.se\/e-butik\/wp-json\/wp\/v2\/product_brand?post=381186"},{"taxonomy":"product_cat","embeddable":true,"href":"https:\/\/www.atta45.se\/e-butik\/wp-json\/wp\/v2\/product_cat?post=381186"},{"taxonomy":"product_tag","embeddable":true,"href":"https:\/\/www.atta45.se\/e-butik\/wp-json\/wp\/v2\/product_tag?post=381186"}],"curies":[{"name":"wp","href":"https:\/\/api.w.org\/{rel}","templated":true}]}}