{"id":381162,"date":"2025-09-05T22:23:13","date_gmt":"2025-09-05T20:23:13","guid":{"rendered":"https:\/\/www.atta45.se\/e-butik\/produkt\/flaska-for-dryck-750-ml-atervunnet-rostfritt-stal-enkelvagg-orla\/"},"modified":"2025-10-27T21:51:36","modified_gmt":"2025-10-27T20:51:36","slug":"flaska-for-dryck-750-ml-atervunnet-rostfritt-stal-enkelvagg-orla","status":"publish","type":"product","link":"https:\/\/www.atta45.se\/e-butik\/produkt\/flaska-for-dryck-750-ml-atervunnet-rostfritt-stal-enkelvagg-orla\/","title":{"rendered":"Flaska f\u00f6r dryck, (750 ml), \u00c5tervunnet rostfritt st\u00e5l, enkelv\u00e4gg, Orla"},"content":{"rendered":"<p>Sportflaska i \u00e5tervunnet rostfritt st\u00e5l (750 ml), enkelv\u00e4ggig och tillverkad av rostfritt st\u00e5l 304. Har ett skruvlock i PP och inkluderar en shakerkula i metall f\u00f6r blandning. Lasergraverad logotyp i \u00e5tervunnet st\u00e5l p\u00e5 framsidan. Individuellt f\u00f6rpackad i en kraftpappersask.<\/p>\n","protected":false},"excerpt":{"rendered":"<p>Sportflaska i \u00e5tervunnet rostfritt st\u00e5l (750 ml), enkelv\u00e4ggig och tillverkad av rostfritt st\u00e5l 304. Har ett skruvlock i PP och inkluderar en shakerkula i metall f\u00f6r blandning. Lasergraverad logotyp i \u00e5tervunnet st\u00e5l p\u00e5 framsidan. Individuellt f\u00f6rpackad i en kraftpappersask.<\/p>\n","protected":false},"featured_media":381163,"template":"","meta":{"_acf_changed":false,"_seopress_robots_primary_cat":"","_seopress_titles_title":"","_seopress_titles_desc":"","_seopress_robots_index":""},"product_brand":[],"product_cat":[15],"product_tag":[],"class_list":{"0":"post-381162","1":"product","2":"type-product","3":"status-publish","4":"has-post-thumbnail","6":"product_cat-okategoriserad","7":"atta45_taxonomy-flaskor-sv","8":"atta45_taxonomy-nyheter-sv","9":"atta45_taxonomy-tema-inspiration-utvalda-produkter-nyheter-sv","10":"atta45_taxonomy-fritid-vattenflaskor-sv","12":"first","13":"instock","14":"taxable","15":"shipping-taxable","16":"purchasable","17":"product-type-variable"},"acf":[],"_links":{"self":[{"href":"https:\/\/www.atta45.se\/e-butik\/wp-json\/wp\/v2\/product\/381162","targetHints":{"allow":["GET"]}}],"collection":[{"href":"https:\/\/www.atta45.se\/e-butik\/wp-json\/wp\/v2\/product"}],"about":[{"href":"https:\/\/www.atta45.se\/e-butik\/wp-json\/wp\/v2\/types\/product"}],"wp:featuredmedia":[{"embeddable":true,"href":"https:\/\/www.atta45.se\/e-butik\/wp-json\/wp\/v2\/media\/381163"}],"wp:attachment":[{"href":"https:\/\/www.atta45.se\/e-butik\/wp-json\/wp\/v2\/media?parent=381162"}],"wp:term":[{"taxonomy":"product_brand","embeddable":true,"href":"https:\/\/www.atta45.se\/e-butik\/wp-json\/wp\/v2\/product_brand?post=381162"},{"taxonomy":"product_cat","embeddable":true,"href":"https:\/\/www.atta45.se\/e-butik\/wp-json\/wp\/v2\/product_cat?post=381162"},{"taxonomy":"product_tag","embeddable":true,"href":"https:\/\/www.atta45.se\/e-butik\/wp-json\/wp\/v2\/product_tag?post=381162"}],"curies":[{"name":"wp","href":"https:\/\/api.w.org\/{rel}","templated":true}]}}