{"id":381136,"date":"2025-09-05T22:21:14","date_gmt":"2025-09-05T20:21:14","guid":{"rendered":"https:\/\/www.atta45.se\/e-butik\/produkt\/flaska-for-dryck-900ml-fran-tritan-lyra\/"},"modified":"2025-10-27T21:51:22","modified_gmt":"2025-10-27T20:51:22","slug":"flaska-for-dryck-900ml-fran-tritan-lyra","status":"publish","type":"product","link":"https:\/\/www.atta45.se\/e-butik\/produkt\/flaska-for-dryck-900ml-fran-tritan-lyra\/","title":{"rendered":"Flaska f\u00f6r dryck (900ml)  fr\u00e5n Tritan, Lyra"},"content":{"rendered":"<p>Tritan dricksflaska (900 ml) med tv\u00e5 drickalternativ: en vridst\u00e4ngnings\u00f6ppning och ett vikbart sugr\u00f6r med inv\u00e4ndigt r\u00f6r. Har silikongrepp, b\u00e4rhandtag i PP och tryckt kapacitetsindikator. Skruvlock. F\u00f6rpackad i \u00e4ggl\u00e5da.<\/p>\n","protected":false},"excerpt":{"rendered":"<p>Tritan dricksflaska (900 ml) med tv\u00e5 drickalternativ: en vridst\u00e4ngnings\u00f6ppning och ett vikbart sugr\u00f6r med inv\u00e4ndigt r\u00f6r. Har silikongrepp, b\u00e4rhandtag i PP och tryckt kapacitetsindikator. Skruvlock. F\u00f6rpackad i \u00e4ggl\u00e5da.<\/p>\n","protected":false},"featured_media":381137,"template":"","meta":{"_acf_changed":false,"_seopress_robots_primary_cat":"","_seopress_titles_title":"","_seopress_titles_desc":"","_seopress_robots_index":""},"product_brand":[],"product_cat":[15],"product_tag":[],"class_list":{"0":"post-381136","1":"product","2":"type-product","3":"status-publish","4":"has-post-thumbnail","6":"product_cat-okategoriserad","7":"atta45_taxonomy-flaskor-sv","8":"atta45_taxonomy-nyheter-sv","9":"atta45_taxonomy-tema-inspiration-utvalda-produkter-nyheter-sv","10":"atta45_taxonomy-fritid-vattenflaskor-sv","12":"first","13":"instock","14":"taxable","15":"shipping-taxable","16":"purchasable","17":"product-type-variable"},"acf":[],"_links":{"self":[{"href":"https:\/\/www.atta45.se\/e-butik\/wp-json\/wp\/v2\/product\/381136","targetHints":{"allow":["GET"]}}],"collection":[{"href":"https:\/\/www.atta45.se\/e-butik\/wp-json\/wp\/v2\/product"}],"about":[{"href":"https:\/\/www.atta45.se\/e-butik\/wp-json\/wp\/v2\/types\/product"}],"wp:featuredmedia":[{"embeddable":true,"href":"https:\/\/www.atta45.se\/e-butik\/wp-json\/wp\/v2\/media\/381137"}],"wp:attachment":[{"href":"https:\/\/www.atta45.se\/e-butik\/wp-json\/wp\/v2\/media?parent=381136"}],"wp:term":[{"taxonomy":"product_brand","embeddable":true,"href":"https:\/\/www.atta45.se\/e-butik\/wp-json\/wp\/v2\/product_brand?post=381136"},{"taxonomy":"product_cat","embeddable":true,"href":"https:\/\/www.atta45.se\/e-butik\/wp-json\/wp\/v2\/product_cat?post=381136"},{"taxonomy":"product_tag","embeddable":true,"href":"https:\/\/www.atta45.se\/e-butik\/wp-json\/wp\/v2\/product_tag?post=381136"}],"curies":[{"name":"wp","href":"https:\/\/api.w.org\/{rel}","templated":true}]}}