{"id":381120,"date":"2025-09-05T22:20:14","date_gmt":"2025-09-05T20:20:14","guid":{"rendered":"https:\/\/www.atta45.se\/e-butik\/produkt\/malningsset-julgran-av-pp-amaris\/"},"modified":"2025-10-27T21:51:06","modified_gmt":"2025-10-27T20:51:06","slug":"malningsset-julgran-av-pp-amaris","status":"publish","type":"product","link":"https:\/\/www.atta45.se\/e-butik\/produkt\/malningsset-julgran-av-pp-amaris\/","title":{"rendered":"M\u00e5lningsset julgran av PP Amaris"},"content":{"rendered":"<p>PS julgransm\u00e5lningsset med en gipsfigur, tre f\u00e4rger akrylf\u00e4rg och en pensel. Har ett h\u00e5l med polyestersn\u00f6re f\u00f6r att h\u00e4nga upp som julgransdekoration. Ungef\u00e4rlig speltid: 30\u201360 minuter. F\u00f6rpackad per styck.<\/p>\n","protected":false},"excerpt":{"rendered":"<p>PS julgransm\u00e5lningsset med en gipsfigur, tre f\u00e4rger akrylf\u00e4rg och en pensel. Har ett h\u00e5l med polyestersn\u00f6re f\u00f6r att h\u00e4nga upp som julgransdekoration. Ungef\u00e4rlig speltid: 30\u201360 minuter. F\u00f6rpackad per styck.<\/p>\n","protected":false},"featured_media":381121,"template":"","meta":{"_acf_changed":false,"_seopress_robots_primary_cat":"","_seopress_titles_title":"","_seopress_titles_desc":"","_seopress_robots_index":""},"product_brand":[],"product_cat":[15],"product_tag":[],"class_list":{"0":"post-381120","1":"product","2":"type-product","3":"status-publish","4":"has-post-thumbnail","6":"product_cat-okategoriserad","7":"atta45_taxonomy-tema-inspiration-utvalda-produkter-nyheter-sv","8":"atta45_taxonomy-nyheter-sv","9":"atta45_taxonomy-pennor-rit-farglaggning-sv","10":"atta45_taxonomy-fritid-spel-leksaker-rit-farglaggning-sv","11":"atta45_taxonomy-fritid-spel-leksaker-sv","13":"first","14":"instock","15":"taxable","16":"shipping-taxable","17":"purchasable","18":"product-type-variable"},"acf":[],"_links":{"self":[{"href":"https:\/\/www.atta45.se\/e-butik\/wp-json\/wp\/v2\/product\/381120","targetHints":{"allow":["GET"]}}],"collection":[{"href":"https:\/\/www.atta45.se\/e-butik\/wp-json\/wp\/v2\/product"}],"about":[{"href":"https:\/\/www.atta45.se\/e-butik\/wp-json\/wp\/v2\/types\/product"}],"wp:featuredmedia":[{"embeddable":true,"href":"https:\/\/www.atta45.se\/e-butik\/wp-json\/wp\/v2\/media\/381121"}],"wp:attachment":[{"href":"https:\/\/www.atta45.se\/e-butik\/wp-json\/wp\/v2\/media?parent=381120"}],"wp:term":[{"taxonomy":"product_brand","embeddable":true,"href":"https:\/\/www.atta45.se\/e-butik\/wp-json\/wp\/v2\/product_brand?post=381120"},{"taxonomy":"product_cat","embeddable":true,"href":"https:\/\/www.atta45.se\/e-butik\/wp-json\/wp\/v2\/product_cat?post=381120"},{"taxonomy":"product_tag","embeddable":true,"href":"https:\/\/www.atta45.se\/e-butik\/wp-json\/wp\/v2\/product_tag?post=381120"}],"curies":[{"name":"wp","href":"https:\/\/api.w.org\/{rel}","templated":true}]}}