{"id":381104,"date":"2025-09-05T22:19:12","date_gmt":"2025-09-05T20:19:12","guid":{"rendered":"https:\/\/www.atta45.se\/e-butik\/produkt\/malningsset-tomte-av-ps-zina\/"},"modified":"2025-10-27T21:50:52","modified_gmt":"2025-10-27T20:50:52","slug":"malningsset-tomte-av-ps-zina","status":"publish","type":"product","link":"https:\/\/www.atta45.se\/e-butik\/produkt\/malningsset-tomte-av-ps-zina\/","title":{"rendered":"M\u00e5lningsset tomte av PS Zina"},"content":{"rendered":"<p>Tomtem\u00e5lningsset med en gipsfigur, tre akrylf\u00e4rger och en pensel. Har ett h\u00e5l med polyestersn\u00f6re f\u00f6r att h\u00e4nga upp som julgransdekoration. Ungef\u00e4rlig f\u00e4rgl\u00e4ggningstid: 30\u201360 minuter. F\u00f6rpackad per styck.<\/p>\n","protected":false},"excerpt":{"rendered":"<p>Tomtem\u00e5lningsset med en gipsfigur, tre akrylf\u00e4rger och en pensel. Har ett h\u00e5l med polyestersn\u00f6re f\u00f6r att h\u00e4nga upp som julgransdekoration. Ungef\u00e4rlig f\u00e4rgl\u00e4ggningstid: 30\u201360 minuter. F\u00f6rpackad per styck.<\/p>\n","protected":false},"featured_media":381105,"template":"","meta":{"_acf_changed":false,"_seopress_robots_primary_cat":"","_seopress_titles_title":"","_seopress_titles_desc":"","_seopress_robots_index":""},"product_brand":[],"product_cat":[15],"product_tag":[],"class_list":{"0":"post-381104","1":"product","2":"type-product","3":"status-publish","4":"has-post-thumbnail","6":"product_cat-okategoriserad","7":"atta45_taxonomy-tema-inspiration-speciella-trycktekniker-360-laser-sv","8":"atta45_taxonomy-tema-inspiration-ogonblick-jul-sv","9":"atta45_taxonomy-nyheter-sv","10":"atta45_taxonomy-tema-inspiration-utvalda-produkter-nyheter-sv","11":"atta45_taxonomy-fritid-spel-leksaker-rit-farglaggning-sv","12":"atta45_taxonomy-pennor-rit-farglaggning-sv","13":"atta45_taxonomy-fritid-spel-leksaker-sv","14":"atta45_taxonomy-fritid-xmas-sv","16":"first","17":"instock","18":"taxable","19":"shipping-taxable","20":"purchasable","21":"product-type-variable"},"acf":[],"_links":{"self":[{"href":"https:\/\/www.atta45.se\/e-butik\/wp-json\/wp\/v2\/product\/381104","targetHints":{"allow":["GET"]}}],"collection":[{"href":"https:\/\/www.atta45.se\/e-butik\/wp-json\/wp\/v2\/product"}],"about":[{"href":"https:\/\/www.atta45.se\/e-butik\/wp-json\/wp\/v2\/types\/product"}],"wp:featuredmedia":[{"embeddable":true,"href":"https:\/\/www.atta45.se\/e-butik\/wp-json\/wp\/v2\/media\/381105"}],"wp:attachment":[{"href":"https:\/\/www.atta45.se\/e-butik\/wp-json\/wp\/v2\/media?parent=381104"}],"wp:term":[{"taxonomy":"product_brand","embeddable":true,"href":"https:\/\/www.atta45.se\/e-butik\/wp-json\/wp\/v2\/product_brand?post=381104"},{"taxonomy":"product_cat","embeddable":true,"href":"https:\/\/www.atta45.se\/e-butik\/wp-json\/wp\/v2\/product_cat?post=381104"},{"taxonomy":"product_tag","embeddable":true,"href":"https:\/\/www.atta45.se\/e-butik\/wp-json\/wp\/v2\/product_tag?post=381104"}],"curies":[{"name":"wp","href":"https:\/\/api.w.org\/{rel}","templated":true}]}}