{"id":381046,"date":"2025-09-05T22:15:13","date_gmt":"2025-09-05T20:15:13","guid":{"rendered":"https:\/\/www.atta45.se\/e-butik\/produkt\/flaska-i-atervunnet-rostfritt-stal-enkelvagg-800-ml-talin\/"},"modified":"2025-10-27T21:49:40","modified_gmt":"2025-10-27T20:49:40","slug":"flaska-i-atervunnet-rostfritt-stal-enkelvagg-800-ml-talin","status":"publish","type":"product","link":"https:\/\/www.atta45.se\/e-butik\/produkt\/flaska-i-atervunnet-rostfritt-stal-enkelvagg-800-ml-talin\/","title":{"rendered":"Flaska i \u00e5tervunnet rostfritt st\u00e5l, enkelv\u00e4gg (800 ml) Talin"},"content":{"rendered":"<p>Enkelv\u00e4ggig dricksflaska i \u00e5tervunnet rostfritt st\u00e5l (800 ml) tillverkad av rostfritt st\u00e5l 304. Har en diamantformad struktur p\u00e5 kroppen, skruvlock och en lasergraverad logotyp (\u00e5tervunnet st\u00e5l). Individuellt f\u00f6rpackad i en brun kartong.<\/p>\n","protected":false},"excerpt":{"rendered":"<p>Enkelv\u00e4ggig dricksflaska i \u00e5tervunnet rostfritt st\u00e5l (800 ml) tillverkad av rostfritt st\u00e5l 304. Har en diamantformad struktur p\u00e5 kroppen, skruvlock och en lasergraverad logotyp (\u00e5tervunnet st\u00e5l). Individuellt f\u00f6rpackad i en brun kartong.<\/p>\n","protected":false},"featured_media":381047,"template":"","meta":{"_acf_changed":false,"_seopress_robots_primary_cat":"","_seopress_titles_title":"","_seopress_titles_desc":"","_seopress_robots_index":""},"product_brand":[],"product_cat":[15],"product_tag":[],"class_list":{"0":"post-381046","1":"product","2":"type-product","3":"status-publish","4":"has-post-thumbnail","6":"product_cat-okategoriserad","7":"atta45_taxonomy-flaskor-sv","8":"atta45_taxonomy-tema-inspiration-utvalda-produkter-nyheter-sv","9":"atta45_taxonomy-nyheter-sv","10":"atta45_taxonomy-fritid-vattenflaskor-sv","12":"first","13":"instock","14":"taxable","15":"shipping-taxable","16":"purchasable","17":"product-type-variable"},"acf":[],"_links":{"self":[{"href":"https:\/\/www.atta45.se\/e-butik\/wp-json\/wp\/v2\/product\/381046","targetHints":{"allow":["GET"]}}],"collection":[{"href":"https:\/\/www.atta45.se\/e-butik\/wp-json\/wp\/v2\/product"}],"about":[{"href":"https:\/\/www.atta45.se\/e-butik\/wp-json\/wp\/v2\/types\/product"}],"wp:featuredmedia":[{"embeddable":true,"href":"https:\/\/www.atta45.se\/e-butik\/wp-json\/wp\/v2\/media\/381047"}],"wp:attachment":[{"href":"https:\/\/www.atta45.se\/e-butik\/wp-json\/wp\/v2\/media?parent=381046"}],"wp:term":[{"taxonomy":"product_brand","embeddable":true,"href":"https:\/\/www.atta45.se\/e-butik\/wp-json\/wp\/v2\/product_brand?post=381046"},{"taxonomy":"product_cat","embeddable":true,"href":"https:\/\/www.atta45.se\/e-butik\/wp-json\/wp\/v2\/product_cat?post=381046"},{"taxonomy":"product_tag","embeddable":true,"href":"https:\/\/www.atta45.se\/e-butik\/wp-json\/wp\/v2\/product_tag?post=381046"}],"curies":[{"name":"wp","href":"https:\/\/api.w.org\/{rel}","templated":true}]}}