{"id":381032,"date":"2025-09-05T22:14:14","date_gmt":"2025-09-05T20:14:14","guid":{"rendered":"https:\/\/www.atta45.se\/e-butik\/produkt\/ficklampa-cob-i-aluminium-vela\/"},"modified":"2025-10-27T21:49:25","modified_gmt":"2025-10-27T20:49:25","slug":"ficklampa-cob-i-aluminium-vela","status":"publish","type":"product","link":"https:\/\/www.atta45.se\/e-butik\/produkt\/ficklampa-cob-i-aluminium-vela\/","title":{"rendered":"Ficklampa (COB) i aluminium Vela"},"content":{"rendered":"<p>COB-ficklampa i aluminium och legering med ABS-h\u00f6lje och metallkl\u00e4mma p\u00e5 baksidan. Har 3 ljusfunktioner, zooml\u00e4ge och en svart karbinhake p\u00e5 ovansidan. Drivs av ett litiumjonbatteri p\u00e5 14 500\u2013500 mAh med typ-C-laddning. Levererar 130 lumen och inkluderar en 30 cm svart kabel. Tryckknappsman\u00f6vrering och magnetisk bas. Individuellt f\u00f6rpackad i en brun kartong.<\/p>\n","protected":false},"excerpt":{"rendered":"<p>COB-ficklampa i aluminium och legering med ABS-h\u00f6lje och metallkl\u00e4mma p\u00e5 baksidan. Har 3 ljusfunktioner, zooml\u00e4ge och en svart karbinhake p\u00e5 ovansidan. Drivs av ett litiumjonbatteri p\u00e5 14 500\u2013500 mAh med typ-C-laddning. Levererar 130 lumen och inkluderar en 30 cm svart kabel. Tryckknappsman\u00f6vrering och magnetisk bas. Individuellt f\u00f6rpackad i en brun kartong.<\/p>\n","protected":false},"featured_media":381033,"template":"","meta":{"_acf_changed":false,"_seopress_robots_primary_cat":"","_seopress_titles_title":"","_seopress_titles_desc":"","_seopress_robots_index":""},"product_brand":[],"product_cat":[15],"product_tag":[],"class_list":{"0":"post-381032","1":"product","2":"type-product","3":"status-publish","4":"has-post-thumbnail","6":"product_cat-okategoriserad","7":"atta45_taxonomy-reflexer-verktyg-sakerhet-lampor-sv","8":"atta45_taxonomy-praktiska-ting-lampor-sv","9":"atta45_taxonomy-tema-inspiration-utvalda-produkter-nyheter-sv","10":"atta45_taxonomy-nyheter-sv","12":"first","13":"instock","14":"taxable","15":"shipping-taxable","16":"purchasable","17":"product-type-variable"},"acf":[],"_links":{"self":[{"href":"https:\/\/www.atta45.se\/e-butik\/wp-json\/wp\/v2\/product\/381032","targetHints":{"allow":["GET"]}}],"collection":[{"href":"https:\/\/www.atta45.se\/e-butik\/wp-json\/wp\/v2\/product"}],"about":[{"href":"https:\/\/www.atta45.se\/e-butik\/wp-json\/wp\/v2\/types\/product"}],"wp:featuredmedia":[{"embeddable":true,"href":"https:\/\/www.atta45.se\/e-butik\/wp-json\/wp\/v2\/media\/381033"}],"wp:attachment":[{"href":"https:\/\/www.atta45.se\/e-butik\/wp-json\/wp\/v2\/media?parent=381032"}],"wp:term":[{"taxonomy":"product_brand","embeddable":true,"href":"https:\/\/www.atta45.se\/e-butik\/wp-json\/wp\/v2\/product_brand?post=381032"},{"taxonomy":"product_cat","embeddable":true,"href":"https:\/\/www.atta45.se\/e-butik\/wp-json\/wp\/v2\/product_cat?post=381032"},{"taxonomy":"product_tag","embeddable":true,"href":"https:\/\/www.atta45.se\/e-butik\/wp-json\/wp\/v2\/product_tag?post=381032"}],"curies":[{"name":"wp","href":"https:\/\/api.w.org\/{rel}","templated":true}]}}